{"id":1183,"date":"2024-04-03T00:43:47","date_gmt":"2024-04-02T22:43:47","guid":{"rendered":"https:\/\/vanessacommunicationanimale.com\/?page_id=1183"},"modified":"2026-01-17T01:45:08","modified_gmt":"2026-01-17T00:45:08","slug":"floratherapie","status":"publish","type":"page","link":"https:\/\/vanessacommunicationanimale.com\/index.php\/floratherapie\/","title":{"rendered":"Florith\u00e9rapie"},"content":{"rendered":"\n<figure class=\"wp-block-image size-large\"><img fetchpriority=\"high\" decoding=\"async\" width=\"1024\" height=\"288\" src=\"https:\/\/vanessacommunicationanimale.com\/wp-content\/uploads\/2024\/04\/bandeau-fleur-de-bach-1024x288.jpg\" alt=\"\" class=\"wp-image-1313\" srcset=\"https:\/\/vanessacommunicationanimale.com\/wp-content\/uploads\/2024\/04\/bandeau-fleur-de-bach-1024x288.jpg 1024w, https:\/\/vanessacommunicationanimale.com\/wp-content\/uploads\/2024\/04\/bandeau-fleur-de-bach-300x84.jpg 300w, https:\/\/vanessacommunicationanimale.com\/wp-content\/uploads\/2024\/04\/bandeau-fleur-de-bach-768x216.jpg 768w, https:\/\/vanessacommunicationanimale.com\/wp-content\/uploads\/2024\/04\/bandeau-fleur-de-bach-1536x431.jpg 1536w, https:\/\/vanessacommunicationanimale.com\/wp-content\/uploads\/2024\/04\/bandeau-fleur-de-bach-2048x575.jpg 2048w\" sizes=\"(max-width: 1024px) 100vw, 1024px\" \/><\/figure>\n\n\n\n<p class=\"wp-block-paragraph\"><\/p>\n\n\n\n<p class=\"wp-block-paragraph\"><mark style=\"background-color:rgba(0, 0, 0, 0)\" class=\"has-inline-color has-white-color\">aa<\/mark><\/p>\n\n\n\n<p class=\"wp-block-paragraph\">La Florith\u00e9rapie est une m\u00e9thode non conventionnelle qui consiste \u00e0 prendre soin de son animal et de soi par la prise d&rsquo;\u00e9lixirs floraux et de Fleurs de Bach. <strong><mark style=\"background-color:rgba(0, 0, 0, 0)\" class=\"has-inline-color has-vivid-purple-color\">Elle traduit les \u00e9motions ressenties en fleurs<\/mark><\/strong> et ram\u00e8ne l&rsquo;\u00e9quilibre \u00e9motionnel pour favoriser une bonne sant\u00e9 et de bonnes \u00e9nergies.<\/p>\n\n\n\n<p class=\"wp-block-paragraph\">Ce sont des pr\u00e9parations obtenues \u00e0 partir d&rsquo;infusion de fleurs sauvages, utilisant la m\u00e9moire de l&rsquo;eau et elles sont conserv\u00e9es dans de l&rsquo;alcool.<\/p>\n\n\n\n<p class=\"wp-block-paragraph\"><\/p>\n\n\n\n<h2 class=\"wp-block-heading has-text-align-center\"><mark style=\"background-color:rgba(0, 0, 0, 0)\" class=\"has-inline-color has-vivid-purple-color\">\u2665<\/mark> Les Fleurs du Docteur Bach <mark style=\"background-color:rgba(0, 0, 0, 0)\" class=\"has-inline-color has-vivid-purple-color\">\u2665<\/mark><\/h2>\n\n\n\n<p class=\"wp-block-paragraph\"><\/p>\n\n\n<div class=\"wp-block-image\">\n<figure class=\"aligncenter size-full is-resized\"><img decoding=\"async\" width=\"409\" height=\"817\" src=\"https:\/\/vanessacommunicationanimale.com\/wp-content\/uploads\/2024\/03\/fleurs1-1.jpg\" alt=\"\" class=\"wp-image-1219\" style=\"width:143px;height:auto\" srcset=\"https:\/\/vanessacommunicationanimale.com\/wp-content\/uploads\/2024\/03\/fleurs1-1.jpg 409w, https:\/\/vanessacommunicationanimale.com\/wp-content\/uploads\/2024\/03\/fleurs1-1-150x300.jpg 150w\" sizes=\"(max-width: 409px) 100vw, 409px\" \/><\/figure>\n<\/div>\n\n\n<p class=\"wp-block-paragraph\"><\/p>\n\n\n\n<p class=\"has-text-align-center wp-block-paragraph\"><mark style=\"background-color:rgba(0, 0, 0, 0)\" class=\"has-inline-color has-black-color\">Les Fleurs de Bach ont l&rsquo;avantage d&rsquo;\u00eatre des rem\u00e8des naturels pour tout le monde<\/mark>.<\/p>\n\n\n\n<p class=\"has-text-align-center wp-block-paragraph\"><mark style=\"background-color:rgba(0, 0, 0, 0)\" class=\"has-inline-color has-black-color\">Ces plantes sont non toxiques, non alimentaires et non cultiv\u00e9es.<\/mark><\/p>\n\n\n\n<p class=\"has-text-align-center wp-block-paragraph\">Je vous aide \u00e0 trouver la ou les fleurs qui vous correspondront <\/p>\n\n\n\n<p class=\"has-text-align-center wp-block-paragraph\">avec la marque du Dr Bach \u00ab\u00a0Fleurs de Bach\u00a0\u00bb<mark style=\"background-color:rgba(0, 0, 0, 0)\" class=\"has-inline-color has-black-color\"><\/mark><\/p>\n\n\n\n<p class=\"wp-block-paragraph\"><\/p>\n\n\n\n<hr class=\"wp-block-separator has-alpha-channel-opacity is-style-dots\"\/>\n\n\n\n<p class=\"wp-block-paragraph\"><\/p>\n\n\n\n<h2 class=\"wp-block-heading has-text-align-center\"><mark style=\"background-color:rgba(0, 0, 0, 0)\" class=\"has-inline-color has-light-green-cyan-color\">\u00ab\u00a0On ne peut gu\u00e9rir la partie, sans soigner le tout\u00a0\u00bb Platon<\/mark><\/h2>\n\n\n\n<p class=\"wp-block-paragraph\"><\/p>\n\n\n\n<p class=\"wp-block-paragraph\">Depuis le d\u00e9but de l&rsquo;humanit\u00e9, l&rsquo;homme est en lien avec le vivant, le v\u00e9g\u00e9tal, les cristaux ou les animaux. Les plus anciennes traces d&rsquo;utilisation des \u00e9lixirs floraux remontent \u00e0 la civilisation \u00e9gyptienne, il y a environ 3 000 ans ! Je suis tellement \u00e9merveill\u00e9e de savoir qu&rsquo;\u00e0 chaque fois que je m&rsquo;int\u00e9resse \u00e0 quelque chose, l&rsquo;\u00c9gypte ressort toujours !<\/p>\n\n\n<div class=\"wp-block-image\">\n<figure class=\"aligncenter size-large is-resized\"><img decoding=\"async\" width=\"1024\" height=\"330\" src=\"https:\/\/vanessacommunicationanimale.com\/wp-content\/uploads\/2024\/03\/egypte-1024x330.jpg\" alt=\"\" class=\"wp-image-1197\" style=\"width:485px;height:auto\" srcset=\"https:\/\/vanessacommunicationanimale.com\/wp-content\/uploads\/2024\/03\/egypte-1024x330.jpg 1024w, https:\/\/vanessacommunicationanimale.com\/wp-content\/uploads\/2024\/03\/egypte-300x97.jpg 300w, https:\/\/vanessacommunicationanimale.com\/wp-content\/uploads\/2024\/03\/egypte-768x247.jpg 768w, https:\/\/vanessacommunicationanimale.com\/wp-content\/uploads\/2024\/03\/egypte.jpg 1378w\" sizes=\"(max-width: 1024px) 100vw, 1024px\" \/><\/figure>\n<\/div>\n\n\n<p class=\"wp-block-paragraph\"><\/p>\n\n\n\n<hr class=\"wp-block-separator has-alpha-channel-opacity is-style-dots\"\/>\n\n\n\n<p class=\"wp-block-paragraph\"><\/p>\n\n\n\n<h2 class=\"wp-block-heading\">Mais qui est donc son inventeur ?<\/h2>\n\n\n\n<p class=\"wp-block-paragraph\"><span>C<\/span>&lsquo;est le Dr Edward Bach <span>(1886-1936)<\/span>, <span>m\u00e9decin et hom\u00e9opathe anglais, qui est l&rsquo;inventeur des \u00e9lixirs floraux qui portent son nom, Les<mark style=\"background-color:rgba(0, 0, 0, 0)\" class=\"has-inline-color has-vivid-purple-color\"> \u00ab\u00a0<em>Fleurs de Bach<\/em>\u00ab\u00a0<\/mark>.<\/span><\/p>\n\n\n\n<p class=\"wp-block-paragraph\">Il comprit  que l\u2019\u00e9tat d\u2019esprit avait un effet direct sur la sant\u00e9 et sur la gu\u00e9rison de la maladie des \u00eatres vivants. <\/p>\n\n\n\n<p class=\"wp-block-paragraph\">En 1930, Edward Bach d\u00e9cida donc d\u2019abandonner sa carri\u00e8re pour partir dans la nature en qu\u00eate de fleurs sauvages. Ces fleurs vont alors devenir les instruments de sa nouvelle m\u00e9thode de soin. Il quitta tout pour s\u2019installer dans une maison \u00e0 la campagne \u00e0 Mount Vernon (\u00e0 Sotwell en Angleterre) qui devint&nbsp;l\u2019endroit o\u00f9 les fleurs de Bach se sont d\u00e9velopp\u00e9es dans le monde entier. <\/p>\n\n\n\n<p class=\"wp-block-paragraph\">\u00c0 ce jour encore, chaque fleur est cueillie \u00e0 la main dans son jardin, ou dans les environs (\u00e0 l\u2019exception de Vine et d\u2019Olive qui sont import\u00e9es d\u2019Europe). La m\u00e9thode et le lieu de fabrication sont donc rest\u00e9es inchang\u00e9es depuis 1936 !<\/p>\n\n\n\n<p class=\"wp-block-paragraph\">Le Dr Bach consacrera finalement sa vie \u00e0 la recherche de rem\u00e8des purs, susceptibles d\u2019aider les \u00eatres vivants \u00e0 retrouver un \u00e9tat \u00e9motionnel positif.<\/p>\n\n\n\n<p class=\"has-text-align-center wp-block-paragraph\"><mark style=\"background-color:rgba(0, 0, 0, 0)\" class=\"has-inline-color has-vivid-purple-color\">\u00ab\u00a0Simplicit\u00e9, humilit\u00e9 et compassion\u00a0\u00bb sont les trois mots qui \u00e9taient les plus essentiels pour lui dans sa pratique ! Merci Dr Bach<\/mark><\/p>\n\n\n\n<p class=\"wp-block-paragraph\"><\/p>\n\n\n\n<hr class=\"wp-block-separator has-alpha-channel-opacity is-style-dots\"\/>\n\n\n\n<p class=\"wp-block-paragraph\"><\/p>\n\n\n<div class=\"wp-block-image\">\n<figure class=\"aligncenter size-full is-resized\"><img loading=\"lazy\" decoding=\"async\" width=\"753\" height=\"612\" src=\"https:\/\/vanessacommunicationanimale.com\/wp-content\/uploads\/2024\/04\/fleurs4.jpg\" alt=\"\" class=\"wp-image-1238\" style=\"width:313px;height:auto\" srcset=\"https:\/\/vanessacommunicationanimale.com\/wp-content\/uploads\/2024\/04\/fleurs4.jpg 753w, https:\/\/vanessacommunicationanimale.com\/wp-content\/uploads\/2024\/04\/fleurs4-300x244.jpg 300w\" sizes=\"(max-width: 753px) 100vw, 753px\" \/><\/figure>\n<\/div>\n\n\n<p class=\"wp-block-paragraph\"><\/p>\n\n\n\n<p class=\"wp-block-paragraph\">Les 38 Fleurs de Bach sont r\u00e9parties en 7 familles d&rsquo;\u00e9motions :<\/p>\n\n\n\n<ul class=\"wp-block-list\">\n<li>L&rsquo;incertitude<\/li>\n\n\n\n<li>La peur<\/li>\n\n\n\n<li>Le manque d&rsquo;int\u00e9r\u00eat pour le pr\u00e9sent<\/li>\n\n\n\n<li>La solitude<\/li>\n\n\n\n<li>L&rsquo;hypersensibilit\u00e9 aux influences et aux id\u00e9es<\/li>\n\n\n\n<li>Le d\u00e9couragement ou le d\u00e9sespoir<\/li>\n\n\n\n<li>Le souci excessif du bien-\u00eatre des autres (la sensibilit\u00e9)<\/li>\n<\/ul>\n\n\n\n<p class=\"wp-block-paragraph\">Mais il existe une \u00ab\u00a039e fleur\u00a0\u00bb qui s&rsquo;appelle le Rescue (ou Urgence). Ce rem\u00e8de est le seul, compos\u00e9 de 5 fleurs, \u00e9labor\u00e9 par le Dr Bach. Il a pour but de faire face aux chocs \u00e9motionnels, aux \u00e9tats incontr\u00f4l\u00e9s de la terreur, aux cas d&rsquo;urgences et aux situations de stress et d&rsquo;angoisses. Il s&rsquo;utilise en \u00ab\u00a0urgence\u00a0\u00bb afin d&rsquo;apaiser l&rsquo;\u00e9tat \u00e9motionnel disproportionn\u00e9 et incontr\u00f4lable mais aussi en pr\u00e9vention face \u00e0 une situation stressante \u00e0 venir (un rendez-vous m\u00e9dical important, un d\u00e9m\u00e9nagement&#8230;).<\/p>\n\n\n\n<p class=\"wp-block-paragraph\"><\/p>\n\n\n\n<h2 class=\"wp-block-heading\"><mark style=\"background-color:rgba(0, 0, 0, 0)\" class=\"has-inline-color has-vivid-purple-color\">S\u00e9ance \u00ab\u00a0Fleurs de Bach\u00a0\u00bb pour votre animal ou vous, en lien avec lui<\/mark><br><\/h2>\n\n\n\n<p class=\"wp-block-paragraph\"><\/p>\n\n\n\n<div class=\"wp-block-columns is-layout-flex wp-container-core-columns-is-layout-8f761849 wp-block-columns-is-layout-flex\">\n<div class=\"wp-block-column is-layout-flow wp-block-column-is-layout-flow\">\n<p class=\"wp-block-paragraph\"><\/p>\n\n\n\n<figure class=\"wp-block-image size-full is-resized\"><img loading=\"lazy\" decoding=\"async\" width=\"768\" height=\"834\" src=\"https:\/\/vanessacommunicationanimale.com\/wp-content\/uploads\/2024\/04\/fleurs5.jpg\" alt=\"\" class=\"wp-image-1247\" style=\"width:399px;height:auto\" srcset=\"https:\/\/vanessacommunicationanimale.com\/wp-content\/uploads\/2024\/04\/fleurs5.jpg 768w, https:\/\/vanessacommunicationanimale.com\/wp-content\/uploads\/2024\/04\/fleurs5-276x300.jpg 276w\" sizes=\"(max-width: 768px) 100vw, 768px\" \/><\/figure>\n<\/div>\n\n\n\n<div class=\"wp-block-column is-layout-flow wp-block-column-is-layout-flow\">\n<p class=\"has-text-align-right wp-block-paragraph\">Que ce soit une \u00e9motion passag\u00e8re ou ancr\u00e9e depuis bien longtemps, je vous propose un bilan de l&rsquo;\u00e9quilibre \u00e9motionnel de votre animal ou du votre, en fonction de la situation.<\/p>\n\n\n\n<p class=\"has-text-align-right wp-block-paragraph\">Ensemble nous allons faire le point sur les \u00e9v\u00e9nements du moment. Je vais vous \u00e9couter de mani\u00e8re active \u00e0 l&rsquo;occasion d&rsquo;un rendez-vous t\u00e9l\u00e9phonique d&rsquo;une heure minimum. Ainsi, je comprendrai mieux ce qui se passe en d\u00e9couvrant les habitudes et les ressentis pour pouvoir cheminer petit \u00e0 petit vers les Fleurs qui correspondraient exactement aux \u00e9motions. Que ce soit pour votre animal ou vous bien \u00e9videment.<\/p>\n\n\n\n<p class=\"wp-block-paragraph\"><\/p>\n<\/div>\n<\/div>\n\n\n\n<p class=\"wp-block-paragraph\"><\/p>\n\n\n\n<p class=\"wp-block-paragraph\"><em>Pour vous, le gardien, cela peut concerner vos peurs lorsque vous \u00eates en balade et que vous avez peur pour votre animal (quand il croise l&rsquo;un de ses cong\u00e9n\u00e8res ou autre), vos remords de le laisser \u00e0 la maison ou en pension lorsque vous devez vous absenter un peu, lorsque vous \u00eates endeuill\u00e9 suite \u00e0 la perte de votre animal et que c&rsquo;est tr\u00e8s difficile&#8230;<\/em><\/p>\n\n\n\n<p class=\"wp-block-paragraph\"><em>Pour votre animal cela concernerait des peurs qui ne passent pas, des angoisses, des terreurs, des r\u00e9actions inhabituelles qui l&#8217;emp\u00eachent de se sentir bien et heureux dans sa vie avec vous&#8230;<\/em><\/p>\n\n\n\n<p class=\"wp-block-paragraph\"><\/p>\n\n\n\n<h2 class=\"wp-block-heading has-text-align-center\"><mark style=\"background-color:rgba(0, 0, 0, 0)\" class=\"has-inline-color has-light-green-cyan-color\">\u00ab\u00a0Tant que notre \u00e2me et notre personnalit\u00e9 sont en harmonie,<\/mark><mark style=\"background-color:rgba(0, 0, 0, 0)\" class=\"has-inline-color has-pale-pink-color\"> <\/mark><\/h2>\n\n\n\n<h2 class=\"wp-block-heading has-text-align-center\"><mark style=\"background-color:rgba(0, 0, 0, 0)\" class=\"has-inline-color has-light-green-cyan-color\">tout est joie et paix, bonheur et sant\u00e9 \u00a0\u00bb Dr Bach<\/mark><\/h2>\n\n\n\n<p class=\"wp-block-paragraph\"><\/p>\n\n\n\n<hr class=\"wp-block-separator has-alpha-channel-opacity is-style-dots\"\/>\n\n\n\n<p class=\"wp-block-paragraph\"><\/p>\n\n\n\n<div class=\"wp-block-columns is-layout-flex wp-container-core-columns-is-layout-8f761849 wp-block-columns-is-layout-flex\">\n<div class=\"wp-block-column is-layout-flow wp-block-column-is-layout-flow\">\n<p class=\"wp-block-paragraph\">\u00c0 l&rsquo;issue de la s\u00e9ance, lors de mon compte rendu, je vous proposerai les fleurs qui pourront am\u00e9liorer l&rsquo;\u00e9tat \u00e9motionnel de l&rsquo;\u00eatre concern\u00e9 car elles correspondront \u00e0 la situation. Vous serez en mesure de choisir celles qui vous attirent ou non sans aucun probl\u00e8me afin que vous puissiez cr\u00e9er, par vous m\u00eame, l\u2019\u00e9lixir qui pourra vous rendre le plus heureux possible \u00e9motionnellement.<\/p>\n\n\n\n<p class=\"wp-block-paragraph\">Je vous dirai comment faire ne vous inqui\u00e9tez pas !<\/p>\n<\/div>\n\n\n\n<div class=\"wp-block-column is-layout-flow wp-block-column-is-layout-flow\">\n<figure class=\"wp-block-image size-full is-resized\"><img loading=\"lazy\" decoding=\"async\" width=\"606\" height=\"769\" src=\"https:\/\/vanessacommunicationanimale.com\/wp-content\/uploads\/2024\/04\/fleurs6.jpg\" alt=\"\" class=\"wp-image-1259\" style=\"width:307px;height:auto\" srcset=\"https:\/\/vanessacommunicationanimale.com\/wp-content\/uploads\/2024\/04\/fleurs6.jpg 606w, https:\/\/vanessacommunicationanimale.com\/wp-content\/uploads\/2024\/04\/fleurs6-236x300.jpg 236w\" sizes=\"(max-width: 606px) 100vw, 606px\" \/><\/figure>\n<\/div>\n<\/div>\n\n\n\n<p class=\"wp-block-paragraph\"><\/p>\n\n\n\n<p class=\"wp-block-paragraph\">Je vous d\u00e9conseille les \u00e9lixirs tout pr\u00eat du style \u00ab\u00a0Agressivit\u00e9, Aboiement, Peur&#8230;\u00a0\u00bb car les fleurs agissent sur les \u00e9motions propres \u00e0 chacun, qu&rsquo;elles soient du moment ou alors ancr\u00e9es depuis plus longtemps. Pour moi, on ne choisit jamais les Fleurs de Bach en fonction d&rsquo;un probl\u00e8me ou d&rsquo;un sympt\u00f4me, il faut absolument comprendre les \u00e9motions, les ressentis de l&rsquo;\u00eatre en question.<\/p>\n\n\n\n<p class=\"wp-block-paragraph\"><\/p>\n\n\n\n<p class=\"wp-block-paragraph\"><\/p>\n\n\n<div class=\"wp-block-image\">\n<figure class=\"aligncenter size-full is-resized\"><img loading=\"lazy\" decoding=\"async\" width=\"359\" height=\"125\" src=\"https:\/\/vanessacommunicationanimale.com\/wp-content\/uploads\/2024\/04\/fleurs7.jpg\" alt=\"\" class=\"wp-image-1266\" style=\"width:177px;height:auto\" srcset=\"https:\/\/vanessacommunicationanimale.com\/wp-content\/uploads\/2024\/04\/fleurs7.jpg 359w, https:\/\/vanessacommunicationanimale.com\/wp-content\/uploads\/2024\/04\/fleurs7-300x104.jpg 300w\" sizes=\"(max-width: 359px) 100vw, 359px\" \/><\/figure>\n<\/div>\n\n\n<p class=\"wp-block-paragraph\"><\/p>\n\n\n\n<p class=\"wp-block-paragraph\"><\/p>\n\n\n\n<p class=\"wp-block-paragraph\">Et dernier point tr\u00e8s important, n&rsquo;oubliez pas que les Fleurs de Bach ne se substituent pas \u00e0 un avis m\u00e9dical et qu&rsquo;elles ne sauraient justifier l\u2019arr\u00eat d&rsquo;un traitement. C&rsquo;est pareil pour les s\u00e9ances \u00e9nerg\u00e9tiques et la communication animale&#8230; Si vous avez des doutes, demandez toujours l&rsquo;avis de votre v\u00e9t\u00e9rinaire ou du sp\u00e9cialiste qui vous suit.<\/p>\n\n\n\n<p class=\"wp-block-paragraph\"><\/p>\n\n\n\n<p class=\"wp-block-paragraph\"><mark style=\"background-color:rgba(0, 0, 0, 0)\" class=\"has-inline-color has-white-color\">aa<\/mark><\/p>\n\n\n\n<p class=\"wp-block-paragraph\"><\/p>\n\n\n<div class=\"wp-block-image\">\n<figure class=\"aligncenter size-full is-resized\"><img loading=\"lazy\" decoding=\"async\" width=\"669\" height=\"797\" src=\"https:\/\/vanessacommunicationanimale.com\/wp-content\/uploads\/2024\/04\/fleurs8.jpg\" alt=\"\" class=\"wp-image-1270\" style=\"width:339px;height:auto\" srcset=\"https:\/\/vanessacommunicationanimale.com\/wp-content\/uploads\/2024\/04\/fleurs8.jpg 669w, https:\/\/vanessacommunicationanimale.com\/wp-content\/uploads\/2024\/04\/fleurs8-252x300.jpg 252w\" sizes=\"(max-width: 669px) 100vw, 669px\" \/><\/figure>\n<\/div>\n\n\n<p class=\"wp-block-paragraph\"><\/p>\n\n\n\n<p class=\"wp-block-paragraph\"><mark style=\"background-color:rgba(0, 0, 0, 0)\" class=\"has-inline-color has-white-color\">aa<\/mark><\/p>\n\n\n\n<p class=\"wp-block-paragraph\"><\/p>\n\n\n\n<h2 class=\"wp-block-heading has-text-align-center\"><mark style=\"background-color:rgba(0, 0, 0, 0)\" class=\"has-inline-color has-light-green-cyan-color\">\u2665 <\/mark><mark style=\"background-color:rgba(0, 0, 0, 0)\" class=\"has-inline-color has-vivid-purple-color\">Je vous souhaite plein de bonheur avec les Fleurs<\/mark> <mark style=\"background-color:rgba(0, 0, 0, 0)\" class=\"has-inline-color has-light-green-cyan-color\">\u2665<\/mark><\/h2>\n\n\n\n<p class=\"wp-block-paragraph\"><\/p>\n\n\n\n<p class=\"wp-block-paragraph\"><mark style=\"background-color:rgba(0, 0, 0, 0)\" class=\"has-inline-color has-white-color\">aa<\/mark><\/p>\n\n\n\n<p class=\"wp-block-paragraph\"><\/p>\n\n\n\n<figure class=\"wp-block-image size-large\"><img loading=\"lazy\" decoding=\"async\" width=\"1024\" height=\"288\" src=\"https:\/\/vanessacommunicationanimale.com\/wp-content\/uploads\/2024\/04\/bandeau-fleur-de-bach1-1024x288.jpg\" alt=\"\" class=\"wp-image-1315\" srcset=\"https:\/\/vanessacommunicationanimale.com\/wp-content\/uploads\/2024\/04\/bandeau-fleur-de-bach1-1024x288.jpg 1024w, https:\/\/vanessacommunicationanimale.com\/wp-content\/uploads\/2024\/04\/bandeau-fleur-de-bach1-300x84.jpg 300w, https:\/\/vanessacommunicationanimale.com\/wp-content\/uploads\/2024\/04\/bandeau-fleur-de-bach1-768x216.jpg 768w, https:\/\/vanessacommunicationanimale.com\/wp-content\/uploads\/2024\/04\/bandeau-fleur-de-bach1-1536x431.jpg 1536w, https:\/\/vanessacommunicationanimale.com\/wp-content\/uploads\/2024\/04\/bandeau-fleur-de-bach1-2048x575.jpg 2048w\" sizes=\"(max-width: 1024px) 100vw, 1024px\" \/><\/figure>\n\n\n\n<hr class=\"wp-block-separator has-alpha-channel-opacity is-style-dots\"\/>\n\n\n\n<div data-wp-interactive=\"core\/file\" class=\"wp-block-file\"><object data-wp-bind--hidden=\"!state.hasPdfPreview\" hidden class=\"wp-block-file__embed\" data=\"https:\/\/vanessacommunicationanimale.com\/wp-content\/uploads\/2024\/04\/french_douze_guerisseurs_1941.pdf\" type=\"application\/pdf\" style=\"width:100%;height:200px\" aria-label=\"Contenu embarqu\u00e9 french_douze_guerisseurs_1941.\"><\/object><a id=\"wp-block-file--media-b4fbaf10-eefd-4f53-8441-f4e4d41b1fc2\" href=\"https:\/\/vanessacommunicationanimale.com\/wp-content\/uploads\/2024\/04\/french_douze_guerisseurs_1941.pdf\">french_douze_guerisseurs_1941<\/a><a href=\"https:\/\/vanessacommunicationanimale.com\/wp-content\/uploads\/2024\/04\/french_douze_guerisseurs_1941.pdf\" class=\"wp-block-file__button wp-element-button\" download aria-describedby=\"wp-block-file--media-b4fbaf10-eefd-4f53-8441-f4e4d41b1fc2\">T\u00e9l\u00e9charger<\/a><\/div>\n","protected":false},"excerpt":{"rendered":"<p>aa La Florith\u00e9rapie est une m\u00e9thode non conventionnelle qui consiste \u00e0 prendre soin de son animal et de soi par la prise d&rsquo;\u00e9lixirs floraux et de Fleurs de Bach. Elle&hellip; <a href=\"https:\/\/vanessacommunicationanimale.com\/index.php\/floratherapie\/\" class=\"more-link\">Lire la suite <span class=\"screen-reader-text\">Florith\u00e9rapie<\/span><\/a><\/p>\n","protected":false},"author":1,"featured_media":0,"parent":0,"menu_order":0,"comment_status":"closed","ping_status":"closed","template":"","meta":{"_crdt_document":"","footnotes":""},"class_list":["post-1183","page","type-page","status-publish","hentry","without-featured-image"],"_links":{"self":[{"href":"https:\/\/vanessacommunicationanimale.com\/index.php\/wp-json\/wp\/v2\/pages\/1183","targetHints":{"allow":["GET"]}}],"collection":[{"href":"https:\/\/vanessacommunicationanimale.com\/index.php\/wp-json\/wp\/v2\/pages"}],"about":[{"href":"https:\/\/vanessacommunicationanimale.com\/index.php\/wp-json\/wp\/v2\/types\/page"}],"author":[{"embeddable":true,"href":"https:\/\/vanessacommunicationanimale.com\/index.php\/wp-json\/wp\/v2\/users\/1"}],"replies":[{"embeddable":true,"href":"https:\/\/vanessacommunicationanimale.com\/index.php\/wp-json\/wp\/v2\/comments?post=1183"}],"version-history":[{"count":115,"href":"https:\/\/vanessacommunicationanimale.com\/index.php\/wp-json\/wp\/v2\/pages\/1183\/revisions"}],"predecessor-version":[{"id":2098,"href":"https:\/\/vanessacommunicationanimale.com\/index.php\/wp-json\/wp\/v2\/pages\/1183\/revisions\/2098"}],"wp:attachment":[{"href":"https:\/\/vanessacommunicationanimale.com\/index.php\/wp-json\/wp\/v2\/media?parent=1183"}],"curies":[{"name":"wp","href":"https:\/\/api.w.org\/{rel}","templated":true}]}}