{"id":12,"date":"2023-06-18T19:30:56","date_gmt":"2023-06-18T17:30:56","guid":{"rendered":"http:\/\/vanessacommunicationanimale.com\/?page_id=12"},"modified":"2026-02-15T16:46:24","modified_gmt":"2026-02-15T15:46:24","slug":"mes-tarifs","status":"publish","type":"page","link":"https:\/\/vanessacommunicationanimale.com\/index.php\/mes-tarifs\/","title":{"rendered":"Tarifs 2026"},"content":{"rendered":"\n<p class=\"wp-block-paragraph\"><\/p>\n\n\n\n<p class=\"wp-block-paragraph\">Un tirage d&rsquo;Oracle(s) est inclus dans chaque prestation pour votre animal hors \u00e9tat des lieux<\/p>\n\n\n\n<figure class=\"wp-block-table\"><table><tbody><tr><td><strong><mark style=\"background-color:rgba(0, 0, 0, 0)\" class=\"has-inline-color has-vivid-green-cyan-color\">S\u00e9ance de communication animale avec un animal vivant<\/mark><\/strong><\/td><td class=\"has-text-align-center\" data-align=\"center\"><strong>45 \u20ac<\/strong><\/td><\/tr><tr><td>Compl\u00e9ment d&rsquo;une communication animale <em>(15 jours apr\u00e8s maximum)<\/em><\/td><td class=\"has-text-align-center\" data-align=\"center\">20 \u20ac<\/td><\/tr><tr><td>S\u00e9ance au pendule apr\u00e8s une Communication animale<\/td><td class=\"has-text-align-center\" data-align=\"center\">20 \u20ac<\/td><\/tr><tr><td>S\u00e9ance flash <em>(salon de toilettage, pension&#8230;)<\/em><\/td><td class=\"has-text-align-center\" data-align=\"center\">20 \u20ac<\/td><\/tr><tr><td>S\u00e9ance de suivi <em>(1 mois apr\u00e8s minimum)<\/em><\/td><td class=\"has-text-align-center\" data-align=\"center\">30 \u20ac<\/td><\/tr><tr><td><strong><mark style=\"background-color:rgba(0, 0, 0, 0)\" class=\"has-inline-color has-vivid-green-cyan-color\"><strong><mark style=\"background-color:rgba(0, 0, 0, 0)\" class=\"has-inline-color has-vivid-green-cyan-color\">\u00c9tat des lieux de la situation<\/mark><\/strong> &#8211; Taux au pendule d&rsquo;un animal perdu<\/mark><\/strong><\/td><td class=\"has-text-align-center\" data-align=\"center\"><strong>20 \u20ac<\/strong><\/td><\/tr><tr><td><strong>S\u00e9ance \u00ab\u00a0Fin de vie\u00a0\u00bb avec un accompagnement \u00e9nerg\u00e9tique \u00ab\u00a0Chakras\u00a0\u00bb<\/strong> <\/td><td class=\"has-text-align-center\" data-align=\"center\"><strong>70 \u20ac<\/strong><\/td><\/tr><tr><td><strong>Connexion avec un animal d\u00e9c\u00e9d\u00e9<\/strong> <strong>&#8211; possible 2 mois apr\u00e8s le d\u00e9part de l&rsquo;animal<\/strong><\/td><td class=\"has-text-align-center\" data-align=\"center\"><strong>55 \u20ac<\/strong><\/td><\/tr><tr><td><mark style=\"background-color:rgba(0, 0, 0, 0)\" class=\"has-inline-color has-vivid-green-cyan-color\"><strong>Accompagnement \u00e9nerg\u00e9tique<\/strong><\/mark><\/td><td class=\"has-text-align-center\" data-align=\"center\"><mark style=\"background-color:rgba(0, 0, 0, 0)\" class=\"has-inline-color has-black-color\">&#8211;<\/mark><\/td><\/tr><tr><td>S\u00e9ance \u00ab\u00a0Chakras\u00a0\u00bb &#8211; \u00c9quilibre et harmonisation<\/td><td class=\"has-text-align-center\" data-align=\"center\">40 \u20ac<\/td><\/tr><tr><td>S\u00e9ance \u00ab\u00a0Duo\u00a0\u00bb &#8211; Gardien \/ Animal <mark style=\"background-color:rgba(0, 0, 0, 0)\" class=\"has-inline-color has-pale-pink-color\">***<\/mark><\/td><td class=\"has-text-align-center\" data-align=\"center\">90 \u20ac<\/td><\/tr><tr><td>S\u00e9ance \u00e9nerg\u00e9tique \u00ab\u00a0Compl\u00e8te\u00a0\u00bb pour votre animal<\/td><td class=\"has-text-align-center\" data-align=\"center\">60 \u20ac<\/td><\/tr><tr><td>S\u00e9ance \u00e9nerg\u00e9tique \u00ab\u00a0Compl\u00e8te\u00a0\u00bb pour vous <mark style=\"background-color:rgba(0, 0, 0, 0)\" class=\"has-inline-color has-pale-pink-color\">***<\/mark><\/td><td class=\"has-text-align-center\" data-align=\"center\">60 \u20ac<\/td><\/tr><tr><td>S\u00e9ance \u00e9nerg\u00e9tique \u00ab\u00a0Chakras\u00a0\u00bb de suivi pour vous <sup>(1 mois min. apr\u00e8s une s\u00e9ance compl\u00e8te)<\/sup><\/td><td class=\"has-text-align-center\" data-align=\"center\">30 \u20ac<\/td><\/tr><tr><td>Nettoyage \u00e9nerg\u00e9tique de votre maison <mark style=\"background-color:rgba(0, 0, 0, 0)\" class=\"has-inline-color has-pale-pink-color\">***<\/mark><\/td><td class=\"has-text-align-center\" data-align=\"center\">80 \u20ac<\/td><\/tr><tr><td><mark style=\"background-color:rgba(0, 0, 0, 0)\" class=\"has-inline-color has-pale-pink-color\">*** <em>\u00c9tat des lieux imp\u00e9ratif avant la s\u00e9ance<\/em><\/mark><\/td><td class=\"has-text-align-center\" data-align=\"center\">10 \u20ac<\/td><\/tr><tr><td><mark style=\"background-color:rgba(0, 0, 0, 0)\" class=\"has-inline-color has-vivid-green-cyan-color\"><strong>S\u00e9ance \u00ab\u00a0Fleurs de Bach\u00a0\u00bb pour votre animal ou vous par t\u00e9l\u00e9phone<\/strong><\/mark><\/td><td class=\"has-text-align-center\" data-align=\"center\"><strong>30 \u20ac<\/strong><\/td><\/tr><tr><td>Suivi d&rsquo;accompagnement \u00ab\u00a0Fleurs de Bach\u00a0\u00bb<\/td><td class=\"has-text-align-center\" data-align=\"center\">20 \u20ac<\/td><\/tr><tr><td><mark style=\"background-color:rgba(0, 0, 0, 0)\" class=\"has-inline-color has-vivid-green-cyan-color\"><strong>Un soutien dans votre deuil animalier<\/strong><\/mark><\/td><td class=\"has-text-align-center\" data-align=\"center\">&#8211;<\/td><\/tr><tr><td>Entretien individuel en visio de 45 min sur <a href=\"http:\/\/resalib.fr\/p\/81366\" target=\"_blank\" rel=\"noopener\">R\u00e9salib<\/a><\/td><td class=\"has-text-align-center\" data-align=\"center\">40 \u20ac<\/td><\/tr><tr><td>Accompagnement sp\u00e9cial \u00ab\u00a0Deuil\u00a0\u00bb avec les Fleurs de Bach en PDF<\/td><td class=\"has-text-align-center\" data-align=\"center\">10 \u20ac<\/td><\/tr><tr><td><strong>Bon cadeau \u00e0 offrir, \u00e0 personnaliser, \u00e0 imprimer chez soi<\/strong> <em>(valable 1 an)<\/em><\/td><td class=\"has-text-align-center\" data-align=\"center\"><mark style=\"background-color:rgba(0, 0, 0, 0)\" class=\"has-inline-color has-vivid-green-cyan-color\">\u2665<\/mark><\/td><\/tr><\/tbody><\/table><\/figure>\n\n\n\n<div class=\"wp-block-columns is-layout-flex wp-container-core-columns-is-layout-8f761849 wp-block-columns-is-layout-flex\">\n<div class=\"wp-block-column is-layout-flow wp-block-column-is-layout-flow\"><\/div>\n\n\n\n<div class=\"wp-block-column is-layout-flow wp-block-column-is-layout-flow\"><\/div>\n<\/div>\n\n\n\n<p class=\"wp-block-paragraph\"><\/p>\n\n\n\n<figure class=\"wp-block-image size-large\"><img fetchpriority=\"high\" decoding=\"async\" width=\"1024\" height=\"804\" src=\"http:\/\/vanessacommunicationanimale.com\/wp-content\/uploads\/2023\/06\/page-taif-1024x804.jpg\" alt=\"\" class=\"wp-image-156\" srcset=\"https:\/\/vanessacommunicationanimale.com\/wp-content\/uploads\/2023\/06\/page-taif-1024x804.jpg 1024w, https:\/\/vanessacommunicationanimale.com\/wp-content\/uploads\/2023\/06\/page-taif-300x235.jpg 300w, https:\/\/vanessacommunicationanimale.com\/wp-content\/uploads\/2023\/06\/page-taif-768x603.jpg 768w, https:\/\/vanessacommunicationanimale.com\/wp-content\/uploads\/2023\/06\/page-taif.jpg 1394w\" sizes=\"(max-width: 1024px) 100vw, 1024px\" \/><\/figure>\n\n\n\n<p class=\"wp-block-paragraph\"><\/p>\n\n\n\n<p class=\"wp-block-paragraph\"><\/p>\n","protected":false},"excerpt":{"rendered":"<p>Un tirage d&rsquo;Oracle(s) est inclus dans chaque prestation pour votre animal hors \u00e9tat des lieux S\u00e9ance de communication animale avec un animal vivant 45 \u20ac Compl\u00e9ment d&rsquo;une communication animale (15&hellip; <a href=\"https:\/\/vanessacommunicationanimale.com\/index.php\/mes-tarifs\/\" class=\"more-link\">Lire la suite <span class=\"screen-reader-text\">Tarifs 2026<\/span><\/a><\/p>\n","protected":false},"author":1,"featured_media":0,"parent":0,"menu_order":0,"comment_status":"closed","ping_status":"closed","template":"","meta":{"_crdt_document":"","footnotes":""},"class_list":["post-12","page","type-page","status-publish","hentry","without-featured-image"],"_links":{"self":[{"href":"https:\/\/vanessacommunicationanimale.com\/index.php\/wp-json\/wp\/v2\/pages\/12","targetHints":{"allow":["GET"]}}],"collection":[{"href":"https:\/\/vanessacommunicationanimale.com\/index.php\/wp-json\/wp\/v2\/pages"}],"about":[{"href":"https:\/\/vanessacommunicationanimale.com\/index.php\/wp-json\/wp\/v2\/types\/page"}],"author":[{"embeddable":true,"href":"https:\/\/vanessacommunicationanimale.com\/index.php\/wp-json\/wp\/v2\/users\/1"}],"replies":[{"embeddable":true,"href":"https:\/\/vanessacommunicationanimale.com\/index.php\/wp-json\/wp\/v2\/comments?post=12"}],"version-history":[{"count":100,"href":"https:\/\/vanessacommunicationanimale.com\/index.php\/wp-json\/wp\/v2\/pages\/12\/revisions"}],"predecessor-version":[{"id":2227,"href":"https:\/\/vanessacommunicationanimale.com\/index.php\/wp-json\/wp\/v2\/pages\/12\/revisions\/2227"}],"wp:attachment":[{"href":"https:\/\/vanessacommunicationanimale.com\/index.php\/wp-json\/wp\/v2\/media?parent=12"}],"curies":[{"name":"wp","href":"https:\/\/api.w.org\/{rel}","templated":true}]}}