{"id":18,"date":"2023-06-18T19:30:50","date_gmt":"2023-06-18T17:30:50","guid":{"rendered":"http:\/\/vanessacommunicationanimale.com\/?page_id=18"},"modified":"2026-01-17T01:37:37","modified_gmt":"2026-01-17T00:37:37","slug":"accompagnement-energetique","status":"publish","type":"page","link":"https:\/\/vanessacommunicationanimale.com\/index.php\/accompagnement-energetique\/","title":{"rendered":"Accompagnement \u00e9nerg\u00e9tique"},"content":{"rendered":"\n<p class=\"wp-block-paragraph\">Je propose plusieurs types de s\u00e9ances \u00e9nerg\u00e9tiques \u00e0 distance :<\/p>\n\n\n\n<p class=\"wp-block-paragraph\"><\/p>\n\n\n\n<h2 class=\"wp-block-heading has-text-align-center\"><mark style=\"background-color:rgba(0, 0, 0, 0)\" class=\"has-inline-color has-vivid-purple-color\">S\u00e9ance \u00ab\u00a0Chakras\u00a0\u00bb &#8211; \u00c9quilibre et harmonisation<\/mark><\/h2>\n\n\n<div class=\"wp-block-image\">\n<figure class=\"aligncenter size-full is-resized\"><img fetchpriority=\"high\" decoding=\"async\" width=\"351\" height=\"412\" src=\"http:\/\/vanessacommunicationanimale.com\/wp-content\/uploads\/2023\/11\/Seance-energetique-Chakras-screen.jpg\" alt=\"\" class=\"wp-image-799\" style=\"aspect-ratio:0.8519417475728155;width:280px;height:auto\" srcset=\"https:\/\/vanessacommunicationanimale.com\/wp-content\/uploads\/2023\/11\/Seance-energetique-Chakras-screen.jpg 351w, https:\/\/vanessacommunicationanimale.com\/wp-content\/uploads\/2023\/11\/Seance-energetique-Chakras-screen-256x300.jpg 256w\" sizes=\"(max-width: 351px) 100vw, 351px\" \/><\/figure>\n<\/div>\n\n\n<p class=\"wp-block-paragraph\"><\/p>\n\n\n\n<p class=\"wp-block-paragraph\">Dans cette s\u00e9ance \u00ab\u00a0Chakras\u00a0\u00bb, je vais analyser l&rsquo;ensemble des chakras de votre animal afin de d\u00e9tecter les d\u00e9s\u00e9quilibres potentiels avec l&rsquo;aide de la radiesth\u00e9sie (mon pendule et des planches de radiesth\u00e9sie).<\/p>\n\n\n\n<p class=\"wp-block-paragraph\">Ensuite, je vais les \u00e9quilibrer un \u00e0 un en fonction de leur besoin et terminer la s\u00e9ance avec une harmonisation globale de ceux-ci. Vous aurez un r\u00e9capitulatif pr\u00e9cis concernant le taux vibratoire de chaque chakra avant et apr\u00e8s le bilan \u00e9nerg\u00e9tique.<\/p>\n\n\n\n<p class=\"wp-block-paragraph\">L&rsquo;ensemble de cet accompagnement inclus \u00e9galement l&rsquo;utilisation de la lithoth\u00e9rapie et peut aussi se compl\u00e9ter avec de la sonoth\u00e9rapie.<\/p>\n\n\n\n<p class=\"wp-block-paragraph\">Vos animaux sont li\u00e9s \u00e0 vous. Parfois il y a un lien tr\u00e8s fort entre les chakras de l&rsquo;animal et celui de son gardien. Si vous sentez que votre animal est votre miroir, je vous conseille de vous orienter vers une s\u00e9ance \u00ab\u00a0Duo\u00a0\u00bb qui sera encore plus b\u00e9n\u00e9fique et compl\u00e8te pour vous deux. Voir juste en dessous !<\/p>\n\n\n\n<p class=\"wp-block-paragraph\"><\/p>\n\n\n\n<hr class=\"wp-block-separator has-alpha-channel-opacity is-style-dots\"\/>\n\n\n\n<h2 class=\"wp-block-heading has-text-align-center\"><mark style=\"background-color:rgba(0, 0, 0, 0)\" class=\"has-inline-color has-luminous-vivid-amber-color\">S\u00e9ance \u00ab\u00a0Duo\u00a0\u00bb Gardien \/ Animal<\/mark><\/h2>\n\n\n<div class=\"wp-block-image\">\n<figure class=\"aligncenter size-large is-resized\"><img decoding=\"async\" width=\"846\" height=\"1024\" src=\"http:\/\/vanessacommunicationanimale.com\/wp-content\/uploads\/2023\/11\/duo-846x1024.jpg\" alt=\"\" class=\"wp-image-849\" style=\"aspect-ratio:0.826171875;width:481px;height:auto\" srcset=\"https:\/\/vanessacommunicationanimale.com\/wp-content\/uploads\/2023\/11\/duo-846x1024.jpg 846w, https:\/\/vanessacommunicationanimale.com\/wp-content\/uploads\/2023\/11\/duo-248x300.jpg 248w, https:\/\/vanessacommunicationanimale.com\/wp-content\/uploads\/2023\/11\/duo-768x930.jpg 768w, https:\/\/vanessacommunicationanimale.com\/wp-content\/uploads\/2023\/11\/duo.jpg 1143w\" sizes=\"(max-width: 846px) 100vw, 846px\" \/><\/figure>\n<\/div>\n\n\n<p class=\"wp-block-paragraph\"><\/p>\n\n\n\n<div class=\"wp-block-columns is-layout-flex wp-container-core-columns-is-layout-8f761849 wp-block-columns-is-layout-flex\">\n<div class=\"wp-block-column is-layout-flow wp-block-column-is-layout-flow\">\n<p class=\"wp-block-paragraph\">Vos animaux absorbent, ressentent et vivent vos \u00e9motions. Ils sont comme une \u00e9ponge \u00e9motionnelle et cela pour toute la dur\u00e9e de leur vie.<\/p>\n\n\n\n<p class=\"wp-block-paragraph\">Parfois nous pensons \u00e0 leur bien \u00eatre \u00e9nerg\u00e9tique sans m\u00eame se poser cette question : Comment nous, le gardien, allons-nous ?<\/p>\n\n\n\n<p class=\"wp-block-paragraph\">C&rsquo;est pourquoi je propose la formule \u00ab\u00a0Duo\u00a0\u00bb qui consiste \u00e0 faire une s\u00e9ance \u00e9nerg\u00e9tique tr\u00e8s compl\u00e8te pour votre animal mais aussi vous, son gardien. L&rsquo;\u00e9quilibre parfait pour un futur merveilleux \u2665<\/p>\n\n\n\n<p class=\"wp-block-paragraph\">Avant de faire ce genre d&rsquo;accompagnement, il est important pour moi d&rsquo;avoir une \u00ab\u00a0Autorisation\u00a0\u00bb. C&rsquo;est-\u00e0-dire qu&rsquo;avant de commencer les s\u00e9ances \u00ab\u00a0Duo\u00a0\u00bb je mets en place un protocole de protection qui me donnera ensuite l&rsquo;autorisation ou non d&rsquo;effectuer cet accompagnement. <mark style=\"background-color:rgba(0, 0, 0, 0)\" class=\"has-inline-color has-pale-pink-color\"><strong>***<\/strong><\/mark><\/p>\n\n\n\n<p class=\"wp-block-paragraph\">Une fois cet accord re\u00e7u, je demande \u00e0 \u00eatre un canal afin que les \u00e9nergies passent par moi pour pouvoir effectuer les s\u00e9ances \u00e9nerg\u00e9tiques. <\/p>\n<\/div>\n<\/div>\n\n\n\n<p class=\"wp-block-paragraph\"><\/p>\n\n\n\n<hr class=\"wp-block-separator has-alpha-channel-opacity is-style-dots\"\/>\n\n\n\n<h2 class=\"wp-block-heading has-text-align-center\"><mark style=\"background-color:rgba(0, 0, 0, 0)\" class=\"has-inline-color has-vivid-green-cyan-color\">S\u00e9ance \u00e9nerg\u00e9tique \u00ab\u00a0Compl\u00e8te\u00a0\u00bb<\/mark><\/h2>\n\n\n\n<div class=\"wp-block-columns is-layout-flex wp-container-core-columns-is-layout-8f761849 wp-block-columns-is-layout-flex\">\n<div class=\"wp-block-column is-layout-flow wp-block-column-is-layout-flow\">\n<figure class=\"wp-block-image size-large\"><img decoding=\"async\" width=\"897\" height=\"1024\" src=\"https:\/\/vanessacommunicationanimale.com\/wp-content\/uploads\/2026\/01\/Pendule-Vanessa-Communication-Animale-897x1024.jpg\" alt=\"\" class=\"wp-image-2089\" style=\"aspect-ratio:0.8759917632719462\" srcset=\"https:\/\/vanessacommunicationanimale.com\/wp-content\/uploads\/2026\/01\/Pendule-Vanessa-Communication-Animale-897x1024.jpg 897w, https:\/\/vanessacommunicationanimale.com\/wp-content\/uploads\/2026\/01\/Pendule-Vanessa-Communication-Animale-263x300.jpg 263w, https:\/\/vanessacommunicationanimale.com\/wp-content\/uploads\/2026\/01\/Pendule-Vanessa-Communication-Animale-768x877.jpg 768w, https:\/\/vanessacommunicationanimale.com\/wp-content\/uploads\/2026\/01\/Pendule-Vanessa-Communication-Animale-1345x1536.jpg 1345w, https:\/\/vanessacommunicationanimale.com\/wp-content\/uploads\/2026\/01\/Pendule-Vanessa-Communication-Animale.jpg 1737w\" sizes=\"(max-width: 897px) 100vw, 897px\" \/><\/figure>\n\n\n\n<p class=\"wp-block-paragraph\"><sub><mark style=\"background-color:rgba(0, 0, 0, 0)\" class=\"has-inline-color has-pale-pink-color\">Dur\u00e9e moyenne d&rsquo;une s\u00e9ance : 3h00<\/mark><\/sub><\/p>\n\n\n\n<p class=\"wp-block-paragraph\"><\/p>\n<\/div>\n\n\n\n<div class=\"wp-block-column is-layout-flow wp-block-column-is-layout-flow\">\n<p class=\"wp-block-paragraph\">Je propose cette s\u00e9ance afin d&rsquo;analyser votre animal et seulement lui, dans sa globalit\u00e9 :<\/p>\n\n\n\n<ul class=\"wp-block-list\">\n<li>D\u00e9tecter les d\u00e9s\u00e9quilibres des chakras<\/li>\n\n\n\n<li>Les \u00e9quilibrer et les harmoniser<\/li>\n\n\n\n<li>Purifier ses organes principaux qui sont perturb\u00e9s \u00e9nerg\u00e9tiquement (mais aussi les organes malades suite \u00e0 un probl\u00e8me de sant\u00e9 physique&#8230;)<\/li>\n\n\n\n<li>Rechercher les \u00e9nergies environnementales n\u00e9gatives qui perturbent votre animal (eaux, ondes, m\u00e9moires&#8230;)<\/li>\n\n\n\n<li>Lib\u00e9rer les m\u00e9moires actuelles et karmiques<\/li>\n\n\n\n<li>Trouver le symbole de gu\u00e9rison correspondant \u00e0 votre animal<\/li>\n\n\n\n<li>Analyser les 5 \u00e9l\u00e9ments (Feu, Terre, Eau, M\u00e9tal et Bois) et rechercher des blocages s&rsquo;il y en a et les r\u00e9\u00e9quilibrer \u2665<\/li>\n<\/ul>\n<\/div>\n<\/div>\n\n\n\n<p class=\"wp-block-paragraph\"><\/p>\n\n\n\n<hr class=\"wp-block-separator has-alpha-channel-opacity is-style-dots\"\/>\n\n\n\n<h2 class=\"wp-block-heading has-text-align-center\"><mark style=\"background-color:rgba(0, 0, 0, 0)\" class=\"has-inline-color has-pale-pink-color\">Nettoyage \u00e9nerg\u00e9tique de votre maison et celle de votre animal<\/mark><\/h2>\n\n\n\n<p class=\"wp-block-paragraph\"><\/p>\n\n\n\n<p class=\"wp-block-paragraph\"><\/p>\n\n\n<div class=\"wp-block-image\">\n<figure class=\"aligncenter size-large is-resized\"><img loading=\"lazy\" decoding=\"async\" width=\"984\" height=\"1024\" src=\"http:\/\/vanessacommunicationanimale.com\/wp-content\/uploads\/2023\/11\/interieur-pour-soin-984x1024.jpg\" alt=\"\" class=\"wp-image-812\" style=\"aspect-ratio:0.9609375;width:566px;height:auto\" srcset=\"https:\/\/vanessacommunicationanimale.com\/wp-content\/uploads\/2023\/11\/interieur-pour-soin-984x1024.jpg 984w, https:\/\/vanessacommunicationanimale.com\/wp-content\/uploads\/2023\/11\/interieur-pour-soin-288x300.jpg 288w, https:\/\/vanessacommunicationanimale.com\/wp-content\/uploads\/2023\/11\/interieur-pour-soin-768x799.jpg 768w, https:\/\/vanessacommunicationanimale.com\/wp-content\/uploads\/2023\/11\/interieur-pour-soin.jpg 1453w\" sizes=\"(max-width: 984px) 100vw, 984px\" \/><\/figure>\n<\/div>\n\n\n<p class=\"wp-block-paragraph\"><\/p>\n\n\n\n<p class=\"has-text-align-center wp-block-paragraph\"><strong>Votre habitation aussi a besoin de belles \u00e9nergies pour y vivre sereinement !<\/strong><\/p>\n\n\n\n<p class=\"wp-block-paragraph\">Vivre dans une habitation saine pr\u00e9serve la sant\u00e9, le bien-\u00eatre et la vitalit\u00e9 des habitants. A contrario, les ondes nocives perturbent les \u00e9nergies et le taux vibratoire. Gr\u00e2ce \u00e0 la radiesth\u00e9sie, j&rsquo;analyse s&rsquo;il y a des ondes nocives architecturales, \u00e9lectriques, g\u00e9obiologiques et paranormales dans votre habitation et son jardin.<\/p>\n\n\n\n<p class=\"wp-block-paragraph\">Apr\u00e8s avoir fait un tour global de votre lieu de vie (\u00e0 distance sur photos et plans) je vais lister l&rsquo;int\u00e9gralit\u00e9 des \u00e9nergies nuisibles, les nettoyer et les purifier. M\u00e9moires des murs, des objets, des v\u00eatements, des bijoux, des antiquit\u00e9s, mais aussi les \u00e2mes errantes, les sources, les failles, les vortex, les chemin\u00e9es cosmos-telluriques&#8230;<\/p>\n\n\n\n<p class=\"wp-block-paragraph\">Je vais aussi prot\u00e9ger votre habitation avec des objets \u00e9nerg\u00e9tiques puissants lors de la s\u00e9ance afin de permettre \u00e0 toutes les \u00e2mes errantes pr\u00e9sentes chez vous d&rsquo;\u00eatre dirig\u00e9es vers l&rsquo;endroit qui leur convient, d&rsquo;aspirer les esprits, les \u00e9nergies et \u00e9motions n\u00e9gatives, de purifier et de nettoyer \u00e0 chaque instant les ondes nocives g\u00e9obiologiques que subit la maison. Je vais mettre en place des vortex de gu\u00e9rison afin qu&rsquo;ils apportent la r\u00e9oxyg\u00e9nation, la r\u00e9\u00e9nerg\u00e9tisation, le r\u00e9\u00e9quilibrage et r\u00e9harmonisation de tous les habitants de la maison (humains et animaux) mais \u00e9galement des vortex d&rsquo;abondance afin d&rsquo;apporter les vibrations n\u00e9cessaires. <\/p>\n\n\n\n<p class=\"wp-block-paragraph\">Malheureusement, s&rsquo;il y a des ondes nocives architecturales je ne pourrais rien faire et en ce qui concerne les ondes nocives \u00e9lectriques, je vous proposerais de faire appel \u00e0 une personne sp\u00e9cialis\u00e9e dans la g\u00e9obiologie des ondes nocives \u00e9lectriques car certaines personnes se sont sp\u00e9cialis\u00e9es dans la neutralisation de celles-ci. Je peux quand m\u00eame vous conseiller sur ce dernier point avec des actions \u00e0 mettre en place chez vous.<\/p>\n\n\n\n<p class=\"has-text-align-left wp-block-paragraph\">Sachez que je propose ce genre de s\u00e9ance seulement si votre animal, lors de sa s\u00e9ance \u00e9nerg\u00e9tique \u00ab\u00a0Compl\u00e8te\u00a0\u00bb ci-dessus, a r\u00e9v\u00e9l\u00e9 des \u00e9nergies environnementales n\u00e9gatives qui le perturbent (sources, ondes&#8230;) et que si vous aussi vous en ressentez le besoin.<\/p>\n\n\n\n<p class=\"has-text-align-left wp-block-paragraph\">N&rsquo;oubliez pas que je travaille principalement pour le bien \u00eatre de vos animaux, dans leur vie avec vous. Il est \u00e9vident que si vous me contactez sans avoir d&rsquo;animaux chez vous cela ne va pas me correspondre.<\/p>\n\n\n\n<p class=\"has-text-align-left wp-block-paragraph\">Bien \u00e9videment quand on \u00ab\u00a0soigne\u00a0\u00bb une maison c&rsquo;est tout ses habitants qui profiteront des bienfaits des nettoyages. Et m\u00eame vos invit\u00e9s !<\/p>\n\n\n\n<p class=\"has-text-align-left wp-block-paragraph\">L&rsquo;harmonisation g\u00e9obiologique vous fera ressentir beaucoup de l\u00e9g\u00e8ret\u00e9, un meilleur sommeil et du calme dans votre int\u00e9rieur.<\/p>\n\n\n\n<p class=\"has-text-align-left wp-block-paragraph\">Avant de faire ce genre d&rsquo;accompagnement, il est important pour moi d&rsquo;avoir une \u00ab\u00a0Autorisation\u00a0\u00bb. C&rsquo;est-\u00e0-dire qu&rsquo;avant de commencer le \u00ab\u00a0Nettoyage \u00e9nerg\u00e9tique de votre maison\u00a0\u00bb, je mets en place un protocole de protection qui me donnera ensuite l&rsquo;autorisation ou non d&rsquo;effectuer cet accompagnement .<mark style=\"background-color:rgba(0, 0, 0, 0)\" class=\"has-inline-color has-pale-pink-color\"><strong>***<\/strong><\/mark><\/p>\n\n\n\n<p class=\"has-text-align-left wp-block-paragraph\"><\/p>\n\n\n\n<hr class=\"wp-block-separator has-alpha-channel-opacity is-style-dots\"\/>\n\n\n<div class=\"wp-block-image\">\n<figure class=\"aligncenter size-large is-resized\"><img loading=\"lazy\" decoding=\"async\" width=\"1024\" height=\"940\" src=\"http:\/\/vanessacommunicationanimale.com\/wp-content\/uploads\/2023\/11\/etoiles-roses-1024x940.jpg\" alt=\"\" class=\"wp-image-838\" style=\"aspect-ratio:1.0820189274447949;width:403px;height:auto\" srcset=\"https:\/\/vanessacommunicationanimale.com\/wp-content\/uploads\/2023\/11\/etoiles-roses-1024x940.jpg 1024w, https:\/\/vanessacommunicationanimale.com\/wp-content\/uploads\/2023\/11\/etoiles-roses-300x275.jpg 300w, https:\/\/vanessacommunicationanimale.com\/wp-content\/uploads\/2023\/11\/etoiles-roses-768x705.jpg 768w, https:\/\/vanessacommunicationanimale.com\/wp-content\/uploads\/2023\/11\/etoiles-roses.jpg 1481w\" sizes=\"(max-width: 1024px) 100vw, 1024px\" \/><\/figure>\n<\/div>\n\n\n<p class=\"wp-block-paragraph\"><\/p>\n\n\n\n<p class=\"wp-block-paragraph\"><strong><mark style=\"background-color:rgba(0, 0, 0, 0)\" class=\"has-inline-color has-pale-pink-color\">***<\/mark> <\/strong>Voici la signification de ces petites \u00e9toiles roses que vous avez pu voir dans les s\u00e9ances \u00ab\u00a0Duo\u00a0\u00bb et le \u00ab\u00a0Nettoyage \u00e9nerg\u00e9tique de votre maison\u00a0\u00bb. Avant d&rsquo;effectuer ces deux s\u00e9ances, il est imp\u00e9ratif pour moi, comme je l&rsquo;ai pr\u00e9cis\u00e9 plus haut d&rsquo;avoir une \u00ab\u00a0Autorisation\u00a0\u00bb pour pouvoir travailler sur votre animal, sur vous, et\/ou votre maison.<\/p>\n\n\n\n<p class=\"wp-block-paragraph\"><\/p>\n\n\n\n<p class=\"wp-block-paragraph\">Pour cela je ferai un \u00ab\u00a0\u00c9tat des lieux\u00a0\u00bb avant s\u00e9ance.<\/p>\n\n\n\n<p class=\"wp-block-paragraph\"><\/p>\n\n\n\n<p class=\"wp-block-paragraph\">En revanche, si j&rsquo;ai un code rouge qui m&rsquo;interdit de faire quoi que ce soit c&rsquo;est que je n&rsquo;ai pas les capacit\u00e9s n\u00e9cessaires pour pouvoir faire l&rsquo;accompagnement \u00e9nerg\u00e9tique. Dans ce cas, je vous donnerai un contact qui sera en mesure de r\u00e9pondre \u00e0 vos attentes.<\/p>\n\n\n\n<p class=\"wp-block-paragraph\"><\/p>\n\n\n\n<p class=\"has-text-align-center wp-block-paragraph\"> \u2665 C&rsquo;est aussi important de prendre conscience de ses capacit\u00e9s \u2665<\/p>\n","protected":false},"excerpt":{"rendered":"<p>Je propose plusieurs types de s\u00e9ances \u00e9nerg\u00e9tiques \u00e0 distance : S\u00e9ance \u00ab\u00a0Chakras\u00a0\u00bb &#8211; \u00c9quilibre et harmonisation Dans cette s\u00e9ance \u00ab\u00a0Chakras\u00a0\u00bb, je vais analyser l&rsquo;ensemble des chakras de votre animal afin&hellip; <a href=\"https:\/\/vanessacommunicationanimale.com\/index.php\/accompagnement-energetique\/\" class=\"more-link\">Lire la suite <span class=\"screen-reader-text\">Accompagnement \u00e9nerg\u00e9tique<\/span><\/a><\/p>\n","protected":false},"author":1,"featured_media":0,"parent":0,"menu_order":0,"comment_status":"closed","ping_status":"closed","template":"","meta":{"_crdt_document":"","footnotes":""},"class_list":["post-18","page","type-page","status-publish","hentry","without-featured-image"],"_links":{"self":[{"href":"https:\/\/vanessacommunicationanimale.com\/index.php\/wp-json\/wp\/v2\/pages\/18","targetHints":{"allow":["GET"]}}],"collection":[{"href":"https:\/\/vanessacommunicationanimale.com\/index.php\/wp-json\/wp\/v2\/pages"}],"about":[{"href":"https:\/\/vanessacommunicationanimale.com\/index.php\/wp-json\/wp\/v2\/types\/page"}],"author":[{"embeddable":true,"href":"https:\/\/vanessacommunicationanimale.com\/index.php\/wp-json\/wp\/v2\/users\/1"}],"replies":[{"embeddable":true,"href":"https:\/\/vanessacommunicationanimale.com\/index.php\/wp-json\/wp\/v2\/comments?post=18"}],"version-history":[{"count":121,"href":"https:\/\/vanessacommunicationanimale.com\/index.php\/wp-json\/wp\/v2\/pages\/18\/revisions"}],"predecessor-version":[{"id":2093,"href":"https:\/\/vanessacommunicationanimale.com\/index.php\/wp-json\/wp\/v2\/pages\/18\/revisions\/2093"}],"wp:attachment":[{"href":"https:\/\/vanessacommunicationanimale.com\/index.php\/wp-json\/wp\/v2\/media?parent=18"}],"curies":[{"name":"wp","href":"https:\/\/api.w.org\/{rel}","templated":true}]}}