{"id":20,"date":"2023-06-18T19:30:45","date_gmt":"2023-06-18T17:30:45","guid":{"rendered":"http:\/\/vanessacommunicationanimale.com\/?page_id=20"},"modified":"2026-01-17T01:52:44","modified_gmt":"2026-01-17T00:52:44","slug":"a-propos-de-moi","status":"publish","type":"page","link":"https:\/\/vanessacommunicationanimale.com\/index.php\/a-propos-de-moi\/","title":{"rendered":"\u00c0 propos de moi"},"content":{"rendered":"\n<div class=\"wp-block-columns is-layout-flex wp-container-core-columns-is-layout-8f761849 wp-block-columns-is-layout-flex\">\n<div class=\"wp-block-column is-layout-flow wp-block-column-is-layout-flow\">\n<figure class=\"wp-block-image size-large\"><img fetchpriority=\"high\" decoding=\"async\" width=\"740\" height=\"1024\" src=\"http:\/\/vanessacommunicationanimale.com\/wp-content\/uploads\/2023\/06\/Filles-des-animaux-domestiques-740x1024.jpg\" alt=\"\" class=\"wp-image-70\" srcset=\"https:\/\/vanessacommunicationanimale.com\/wp-content\/uploads\/2023\/06\/Filles-des-animaux-domestiques-740x1024.jpg 740w, https:\/\/vanessacommunicationanimale.com\/wp-content\/uploads\/2023\/06\/Filles-des-animaux-domestiques-217x300.jpg 217w, https:\/\/vanessacommunicationanimale.com\/wp-content\/uploads\/2023\/06\/Filles-des-animaux-domestiques-768x1062.jpg 768w, https:\/\/vanessacommunicationanimale.com\/wp-content\/uploads\/2023\/06\/Filles-des-animaux-domestiques-1110x1536.jpg 1110w, https:\/\/vanessacommunicationanimale.com\/wp-content\/uploads\/2023\/06\/Filles-des-animaux-domestiques-1480x2048.jpg 1480w, https:\/\/vanessacommunicationanimale.com\/wp-content\/uploads\/2023\/06\/Filles-des-animaux-domestiques.jpg 1500w\" sizes=\"(max-width: 740px) 100vw, 740px\" \/><\/figure>\n<\/div>\n\n\n\n<div class=\"wp-block-column is-layout-flow wp-block-column-is-layout-flow\">\n<figure class=\"wp-block-image size-large\"><img decoding=\"async\" width=\"1560\" height=\"1560\" src=\"http:\/\/vanessacommunicationanimale.com\/wp-content\/uploads\/2023\/06\/fleur-aqua-doree-centre-edited.jpg\" alt=\"\" class=\"wp-image-167\" srcset=\"https:\/\/vanessacommunicationanimale.com\/wp-content\/uploads\/2023\/06\/fleur-aqua-doree-centre-edited.jpg 1560w, https:\/\/vanessacommunicationanimale.com\/wp-content\/uploads\/2023\/06\/fleur-aqua-doree-centre-edited-300x300.jpg 300w, https:\/\/vanessacommunicationanimale.com\/wp-content\/uploads\/2023\/06\/fleur-aqua-doree-centre-edited-1024x1024.jpg 1024w, https:\/\/vanessacommunicationanimale.com\/wp-content\/uploads\/2023\/06\/fleur-aqua-doree-centre-edited-150x150.jpg 150w, https:\/\/vanessacommunicationanimale.com\/wp-content\/uploads\/2023\/06\/fleur-aqua-doree-centre-edited-768x768.jpg 768w, https:\/\/vanessacommunicationanimale.com\/wp-content\/uploads\/2023\/06\/fleur-aqua-doree-centre-edited-1536x1536.jpg 1536w, https:\/\/vanessacommunicationanimale.com\/wp-content\/uploads\/2023\/06\/fleur-aqua-doree-centre-edited-180x180.jpg 180w\" sizes=\"(max-width: 1560px) 100vw, 1560px\" \/><\/figure>\n<\/div>\n\n\n\n<div class=\"wp-block-column is-layout-flow wp-block-column-is-layout-flow\">\n<figure class=\"wp-block-image size-large\"><img decoding=\"async\" width=\"758\" height=\"1024\" src=\"http:\/\/vanessacommunicationanimale.com\/wp-content\/uploads\/2023\/06\/Filles-des-animaux-domestiques-autre-cote-758x1024.jpg\" alt=\"\" class=\"wp-image-69\" srcset=\"https:\/\/vanessacommunicationanimale.com\/wp-content\/uploads\/2023\/06\/Filles-des-animaux-domestiques-autre-cote-758x1024.jpg 758w, https:\/\/vanessacommunicationanimale.com\/wp-content\/uploads\/2023\/06\/Filles-des-animaux-domestiques-autre-cote-222x300.jpg 222w, https:\/\/vanessacommunicationanimale.com\/wp-content\/uploads\/2023\/06\/Filles-des-animaux-domestiques-autre-cote-768x1038.jpg 768w, https:\/\/vanessacommunicationanimale.com\/wp-content\/uploads\/2023\/06\/Filles-des-animaux-domestiques-autre-cote-1137x1536.jpg 1137w, https:\/\/vanessacommunicationanimale.com\/wp-content\/uploads\/2023\/06\/Filles-des-animaux-domestiques-autre-cote-1515x2048.jpg 1515w, https:\/\/vanessacommunicationanimale.com\/wp-content\/uploads\/2023\/06\/Filles-des-animaux-domestiques-autre-cote.jpg 1619w\" sizes=\"(max-width: 758px) 100vw, 758px\" \/><\/figure>\n<\/div>\n<\/div>\n\n\n\n<h2 class=\"wp-block-heading\">Mon compte Instagram est actualis\u00e9 chaque semaine, avec vos animaux mignons et leurs histoires. Venez !<\/h2>\n\n\n\n<p class=\"wp-block-paragraph\"><a href=\"https:\/\/www.instagram.com\/vanessa_communicationanimale\/\" target=\"_blank\" rel=\"noopener\">https:\/\/www.instagram.com\/vanessa_communicationanimale\/<\/a><\/p>\n\n\n\n<div class=\"wp-block-columns is-layout-flex wp-container-core-columns-is-layout-8f761849 wp-block-columns-is-layout-flex\">\n<div class=\"wp-block-column is-layout-flow wp-block-column-is-layout-flow\"><div class=\"wp-block-image\">\n<figure class=\"aligncenter size-full is-resized\"><img loading=\"lazy\" decoding=\"async\" width=\"419\" height=\"598\" src=\"http:\/\/vanessacommunicationanimale.com\/wp-content\/uploads\/2025\/07\/image-4.png\" alt=\"Vanessa Communication Animale\" class=\"wp-image-1730\" style=\"width:307px;height:auto\" srcset=\"https:\/\/vanessacommunicationanimale.com\/wp-content\/uploads\/2025\/07\/image-4.png 419w, https:\/\/vanessacommunicationanimale.com\/wp-content\/uploads\/2025\/07\/image-4-210x300.png 210w\" sizes=\"(max-width: 419px) 100vw, 419px\" \/><\/figure>\n<\/div><\/div>\n\n\n\n<div class=\"wp-block-column is-layout-flow wp-block-column-is-layout-flow\">\n<h2 class=\"wp-block-heading\"><mark style=\"background-color:rgba(0, 0, 0, 0)\" class=\"has-inline-color has-light-green-cyan-color\">Mais qui suis-je ?<\/mark><\/h2>\n\n\n\n<p class=\"wp-block-paragraph\">Coucou et bien voil\u00e0 c\u2019est moi, Vanessa !<\/p>\n\n\n\n<p class=\"wp-block-paragraph\">J\u2019ai pris la grande d\u00e9cision de faire le bien autour de moi en accompagnant les familles dans le deuil animalier, en pratiquant la communication animale et les accompagnements \u00e9nerg\u00e9tiques puis en r\u00e9alisant des bilans en Fleurs de Bach.<\/p>\n\n\n\n<p class=\"wp-block-paragraph\">Je me sens compl\u00e8te depuis que j\u2019ai commenc\u00e9 cette merveilleuse activit\u00e9 aux multiples comp\u00e9tences, et je me sens \u00e9panouie dans ce bel univers \u2665<\/p>\n\n\n\n<p class=\"wp-block-paragraph\">Continuons cette belle aventure ensemble !<\/p>\n<\/div>\n<\/div>\n\n\n\n<p class=\"wp-block-paragraph\"><\/p>\n\n\n\n<h2 class=\"wp-block-heading has-text-align-center\"><mark style=\"background-color:rgba(0, 0, 0, 0)\" class=\"has-inline-color has-light-green-cyan-color\">Depuis toujours je suis en admiration devant les Animaux,<br> les V\u00e9g\u00e9taux, les Pierres et les \u00c9toiles<\/mark><\/h2>\n\n\n\n<p class=\"wp-block-paragraph\"><\/p>\n\n\n\n<div class=\"wp-block-columns is-layout-flex wp-container-core-columns-is-layout-8f761849 wp-block-columns-is-layout-flex\">\n<div class=\"wp-block-column is-layout-flow wp-block-column-is-layout-flow\">\n<figure class=\"wp-block-image size-full is-resized\"><img loading=\"lazy\" decoding=\"async\" width=\"236\" height=\"357\" src=\"http:\/\/vanessacommunicationanimale.com\/wp-content\/uploads\/2023\/06\/pierre-1.png\" alt=\"\" class=\"wp-image-120\" style=\"width:250px;height:378px\" srcset=\"https:\/\/vanessacommunicationanimale.com\/wp-content\/uploads\/2023\/06\/pierre-1.png 236w, https:\/\/vanessacommunicationanimale.com\/wp-content\/uploads\/2023\/06\/pierre-1-198x300.png 198w\" sizes=\"(max-width: 236px) 100vw, 236px\" \/><\/figure>\n<\/div>\n\n\n\n<div class=\"wp-block-column is-layout-flow wp-block-column-is-layout-flow\"><div class=\"wp-block-image\">\n<figure class=\"alignleft size-full\"><img loading=\"lazy\" decoding=\"async\" width=\"450\" height=\"404\" src=\"http:\/\/vanessacommunicationanimale.com\/wp-content\/uploads\/2023\/06\/logo.png\" alt=\"\" class=\"wp-image-122\" srcset=\"https:\/\/vanessacommunicationanimale.com\/wp-content\/uploads\/2023\/06\/logo.png 450w, https:\/\/vanessacommunicationanimale.com\/wp-content\/uploads\/2023\/06\/logo-300x269.png 300w\" sizes=\"(max-width: 450px) 100vw, 450px\" \/><\/figure>\n<\/div><\/div>\n\n\n\n<div class=\"wp-block-column is-layout-flow wp-block-column-is-layout-flow\">\n<figure class=\"wp-block-image size-full\"><img loading=\"lazy\" decoding=\"async\" width=\"215\" height=\"377\" src=\"http:\/\/vanessacommunicationanimale.com\/wp-content\/uploads\/2023\/06\/pierre-2.png\" alt=\"\" class=\"wp-image-121\" srcset=\"https:\/\/vanessacommunicationanimale.com\/wp-content\/uploads\/2023\/06\/pierre-2.png 215w, https:\/\/vanessacommunicationanimale.com\/wp-content\/uploads\/2023\/06\/pierre-2-171x300.png 171w\" sizes=\"(max-width: 215px) 100vw, 215px\" \/><\/figure>\n<\/div>\n<\/div>\n\n\n\n<p class=\"wp-block-paragraph\"><\/p>\n\n\n\n<p class=\"wp-block-paragraph\"><\/p>\n\n\n\n<h2 class=\"wp-block-heading has-text-align-center\"><mark style=\"background-color:rgba(0, 0, 0, 0)\" class=\"has-inline-color has-vivid-purple-color\">Mon parcours professionnel pour le bien-\u00eatre des Animaux<\/mark><\/h2>\n\n\n\n<p class=\"wp-block-paragraph\"><\/p>\n\n\n\n<p class=\"wp-block-paragraph\"><\/p>\n\n\n\n<p class=\"wp-block-paragraph\">\u2022 Stage de perfectionnement de mes capacit\u00e9s extra-sensorielles : Laila Del Monte <\/p>\n\n\n\n<p class=\"has-text-align-center wp-block-paragraph\"><mark style=\"background-color:rgba(0, 0, 0, 0)\" class=\"has-inline-color has-pale-pink-color\">https:\/\/lailadelmonte.com<\/mark><\/p>\n\n\n<div class=\"wp-block-image\">\n<figure class=\"aligncenter size-full is-resized\"><img loading=\"lazy\" decoding=\"async\" width=\"844\" height=\"589\" src=\"http:\/\/vanessacommunicationanimale.com\/wp-content\/uploads\/2023\/07\/image-7.png\" alt=\"\" class=\"wp-image-455\" style=\"width:758px;height:529px\" srcset=\"https:\/\/vanessacommunicationanimale.com\/wp-content\/uploads\/2023\/07\/image-7.png 844w, https:\/\/vanessacommunicationanimale.com\/wp-content\/uploads\/2023\/07\/image-7-300x209.png 300w, https:\/\/vanessacommunicationanimale.com\/wp-content\/uploads\/2023\/07\/image-7-768x536.png 768w\" sizes=\"(max-width: 844px) 100vw, 844px\" \/><\/figure>\n<\/div>\n\n\n<p class=\"wp-block-paragraph\"><\/p>\n\n\n\n<hr class=\"wp-block-separator has-alpha-channel-opacity is-style-dots\"\/>\n\n\n\n<p class=\"wp-block-paragraph\">\u2022 Formation libre \u00e0 distance avec outils sur 6 mois : Aliz\u00e9e Fombuena &#8211; Pens\u00e9es Animales<\/p>\n\n\n\n<p class=\"has-text-align-center wp-block-paragraph\"><mark style=\"background-color:rgba(0, 0, 0, 0)\" class=\"has-inline-color has-vivid-purple-color\">https:\/\/penseesanimales.fr<\/mark><\/p>\n\n\n\n<p class=\"wp-block-paragraph\"><\/p>\n\n\n<div class=\"wp-block-image\">\n<figure class=\"aligncenter size-full is-resized\"><img loading=\"lazy\" decoding=\"async\" width=\"535\" height=\"376\" src=\"http:\/\/vanessacommunicationanimale.com\/wp-content\/uploads\/2023\/08\/image-2.png\" alt=\"\" class=\"wp-image-472\" style=\"width:605px;height:425px\" srcset=\"https:\/\/vanessacommunicationanimale.com\/wp-content\/uploads\/2023\/08\/image-2.png 535w, https:\/\/vanessacommunicationanimale.com\/wp-content\/uploads\/2023\/08\/image-2-300x211.png 300w\" sizes=\"(max-width: 535px) 100vw, 535px\" \/><\/figure>\n<\/div>\n\n\n<p class=\"wp-block-paragraph\"><\/p>\n\n\n\n<hr class=\"wp-block-separator has-alpha-channel-opacity is-style-dots\"\/>\n\n\n\n<p class=\"wp-block-paragraph\">\u2022 Formation en visioconf\u00e9rence sur 5 semaines de cours : Marine \u00c9nergies Lumineuses<\/p>\n\n\n\n<p class=\"has-text-align-center wp-block-paragraph\"><mark style=\"background-color:rgba(0, 0, 0, 0)\" class=\"has-inline-color has-luminous-vivid-amber-color\">https:\/\/bio.site\/energies.lumineuses<\/mark><\/p>\n\n\n\n<p class=\"wp-block-paragraph\"><\/p>\n\n\n<div class=\"wp-block-image\">\n<figure class=\"aligncenter size-large is-resized\"><img loading=\"lazy\" decoding=\"async\" width=\"1024\" height=\"790\" src=\"http:\/\/vanessacommunicationanimale.com\/wp-content\/uploads\/2023\/11\/attestation-formation-vanessa-1024x790.jpg\" alt=\"\" class=\"wp-image-665\" style=\"aspect-ratio:1.2962025316455696;width:584px;height:auto\" srcset=\"https:\/\/vanessacommunicationanimale.com\/wp-content\/uploads\/2023\/11\/attestation-formation-vanessa-1024x790.jpg 1024w, https:\/\/vanessacommunicationanimale.com\/wp-content\/uploads\/2023\/11\/attestation-formation-vanessa-300x231.jpg 300w, https:\/\/vanessacommunicationanimale.com\/wp-content\/uploads\/2023\/11\/attestation-formation-vanessa-768x593.jpg 768w, https:\/\/vanessacommunicationanimale.com\/wp-content\/uploads\/2023\/11\/attestation-formation-vanessa-1536x1185.jpg 1536w, https:\/\/vanessacommunicationanimale.com\/wp-content\/uploads\/2023\/11\/attestation-formation-vanessa.jpg 1650w\" sizes=\"(max-width: 1024px) 100vw, 1024px\" \/><\/figure>\n<\/div>\n\n\n<p class=\"has-text-align-center wp-block-paragraph\"><\/p>\n\n\n\n<hr class=\"wp-block-separator has-alpha-channel-opacity is-style-dots\"\/>\n\n\n\n<p class=\"wp-block-paragraph\">\u2022 Formation en ligne des programmes \u00ab\u00a0Fleurs de Bach\u00a0\u00bb, \u00ab\u00a0Perfectionnement en Fleurs de Bach\u00a0\u00bb, \u00ab\u00a0Fleurs pour les Animaux\u00a0\u00bb<\/p>\n\n\n\n<p class=\"has-text-align-center wp-block-paragraph\"><mark style=\"background-color:rgba(0, 0, 0, 0)\" class=\"has-inline-color has-pale-pink-color\">https:\/\/les-fleurs-de-bach.com\/audrey-marquet\/<\/mark><\/p>\n\n\n\n<p class=\"wp-block-paragraph\"><\/p>\n\n\n<div class=\"wp-block-image\">\n<figure class=\"aligncenter size-full\"><img loading=\"lazy\" decoding=\"async\" width=\"769\" height=\"548\" src=\"https:\/\/vanessacommunicationanimale.com\/wp-content\/uploads\/2024\/03\/image-7.png\" alt=\"\" class=\"wp-image-1179\" srcset=\"https:\/\/vanessacommunicationanimale.com\/wp-content\/uploads\/2024\/03\/image-7.png 769w, https:\/\/vanessacommunicationanimale.com\/wp-content\/uploads\/2024\/03\/image-7-300x214.png 300w\" sizes=\"(max-width: 769px) 100vw, 769px\" \/><\/figure>\n<\/div>\n\n\n<p class=\"wp-block-paragraph\"><\/p>\n\n\n\n<hr class=\"wp-block-separator has-alpha-channel-opacity is-style-dots\"\/>\n\n\n\n<p class=\"wp-block-paragraph\">\u2022 Formation en ligne \u00ab\u00a0Ma\u00eetriser les soins \u00e9nerg\u00e9tiques\u00a0\u00bb : Luc Bodin<\/p>\n\n\n\n<p class=\"has-text-align-center wp-block-paragraph\"><mark style=\"background-color:rgba(0, 0, 0, 0)\" class=\"has-inline-color has-vivid-purple-color\">https:\/\/luc-bodin.fr\/<\/mark><\/p>\n\n\n\n<p class=\"wp-block-paragraph\"><\/p>\n\n\n<div class=\"wp-block-image\">\n<figure class=\"aligncenter size-large is-resized\"><img loading=\"lazy\" decoding=\"async\" width=\"1024\" height=\"768\" src=\"https:\/\/vanessacommunicationanimale.com\/wp-content\/uploads\/2025\/02\/Luc-BODIN-Fev-25-1024x768.jpg\" alt=\"\" class=\"wp-image-1609\" style=\"width:598px;height:auto\" srcset=\"https:\/\/vanessacommunicationanimale.com\/wp-content\/uploads\/2025\/02\/Luc-BODIN-Fev-25-1024x768.jpg 1024w, https:\/\/vanessacommunicationanimale.com\/wp-content\/uploads\/2025\/02\/Luc-BODIN-Fev-25-300x225.jpg 300w, https:\/\/vanessacommunicationanimale.com\/wp-content\/uploads\/2025\/02\/Luc-BODIN-Fev-25-768x576.jpg 768w, https:\/\/vanessacommunicationanimale.com\/wp-content\/uploads\/2025\/02\/Luc-BODIN-Fev-25-1536x1153.jpg 1536w, https:\/\/vanessacommunicationanimale.com\/wp-content\/uploads\/2025\/02\/Luc-BODIN-Fev-25-2048x1537.jpg 2048w\" sizes=\"(max-width: 1024px) 100vw, 1024px\" \/><\/figure>\n<\/div>\n\n\n<p class=\"has-text-align-center wp-block-paragraph\"><\/p>\n\n\n\n<hr class=\"wp-block-separator has-alpha-channel-opacity is-style-dots\"\/>\n\n\n\n<p class=\"wp-block-paragraph\">\u2022 Formation en ligne pendant une ann\u00e9e compl\u00e8te dans l&rsquo;\u00c9cole des Gu\u00e9risseuses : M\u00e9dites si tu Oses<\/p>\n\n\n\n<p class=\"has-text-align-center wp-block-paragraph\"><mark style=\"background-color:rgba(0, 0, 0, 0)\" class=\"has-inline-color has-pale-pink-color\">https:\/\/meditesituoses.com\/<\/mark><\/p>\n\n\n\n<p class=\"wp-block-paragraph\"><\/p>\n\n\n<div class=\"wp-block-image\">\n<figure class=\"aligncenter size-full is-resized\"><img loading=\"lazy\" decoding=\"async\" width=\"848\" height=\"593\" src=\"https:\/\/vanessacommunicationanimale.com\/wp-content\/uploads\/2025\/07\/image-2.png\" alt=\"\" class=\"wp-image-1713\" style=\"width:586px;height:auto\" srcset=\"https:\/\/vanessacommunicationanimale.com\/wp-content\/uploads\/2025\/07\/image-2.png 848w, https:\/\/vanessacommunicationanimale.com\/wp-content\/uploads\/2025\/07\/image-2-300x210.png 300w, https:\/\/vanessacommunicationanimale.com\/wp-content\/uploads\/2025\/07\/image-2-768x537.png 768w\" sizes=\"(max-width: 848px) 100vw, 848px\" \/><\/figure>\n<\/div>\n\n\n<p class=\"wp-block-paragraph\"><\/p>\n\n\n\n<hr class=\"wp-block-separator has-alpha-channel-opacity is-style-dots\"\/>\n\n\n\n<p class=\"has-text-align-center wp-block-paragraph\"><em>Merci de respecter mon travail de cr\u00e9ation et de ne pas utiliser les compositions des visuels pr\u00e9sents<\/em> <em>sur mon site Internet et sur l&rsquo;ensemble de mes r\u00e9seaux (voir \u00ab\u00a0Mentions L\u00e9gales\u00a0\u00bb)<\/em><\/p>\n\n\n\n<p class=\"wp-block-paragraph\"><\/p>\n\n\n<div class=\"wp-block-image\">\n<figure class=\"aligncenter size-full is-resized\"><img loading=\"lazy\" decoding=\"async\" width=\"539\" height=\"499\" src=\"http:\/\/vanessacommunicationanimale.com\/wp-content\/uploads\/2023\/07\/image-3.png\" alt=\"\" class=\"wp-image-381\" style=\"aspect-ratio:1.08203125;width:374px;height:auto\" srcset=\"https:\/\/vanessacommunicationanimale.com\/wp-content\/uploads\/2023\/07\/image-3.png 539w, https:\/\/vanessacommunicationanimale.com\/wp-content\/uploads\/2023\/07\/image-3-300x278.png 300w\" sizes=\"(max-width: 539px) 100vw, 539px\" \/><\/figure>\n<\/div>\n\n\n<div class=\"wp-block-columns is-layout-flex wp-container-core-columns-is-layout-8f761849 wp-block-columns-is-layout-flex\">\n<div class=\"wp-block-column is-layout-flow wp-block-column-is-layout-flow\"><\/div>\n\n\n\n<div class=\"wp-block-column is-layout-flow wp-block-column-is-layout-flow\">\n<p class=\"wp-block-paragraph\"><\/p>\n<\/div>\n<\/div>\n","protected":false},"excerpt":{"rendered":"<p>Mon compte Instagram est actualis\u00e9 chaque semaine, avec vos animaux mignons et leurs histoires. Venez ! https:\/\/www.instagram.com\/vanessa_communicationanimale\/ Mais qui suis-je ? Coucou et bien voil\u00e0 c\u2019est moi, Vanessa ! J\u2019ai&hellip; <a href=\"https:\/\/vanessacommunicationanimale.com\/index.php\/a-propos-de-moi\/\" class=\"more-link\">Lire la suite <span class=\"screen-reader-text\">\u00c0 propos de moi<\/span><\/a><\/p>\n","protected":false},"author":1,"featured_media":0,"parent":0,"menu_order":0,"comment_status":"closed","ping_status":"closed","template":"","meta":{"_crdt_document":"","footnotes":""},"class_list":["post-20","page","type-page","status-publish","hentry","without-featured-image"],"_links":{"self":[{"href":"https:\/\/vanessacommunicationanimale.com\/index.php\/wp-json\/wp\/v2\/pages\/20","targetHints":{"allow":["GET"]}}],"collection":[{"href":"https:\/\/vanessacommunicationanimale.com\/index.php\/wp-json\/wp\/v2\/pages"}],"about":[{"href":"https:\/\/vanessacommunicationanimale.com\/index.php\/wp-json\/wp\/v2\/types\/page"}],"author":[{"embeddable":true,"href":"https:\/\/vanessacommunicationanimale.com\/index.php\/wp-json\/wp\/v2\/users\/1"}],"replies":[{"embeddable":true,"href":"https:\/\/vanessacommunicationanimale.com\/index.php\/wp-json\/wp\/v2\/comments?post=20"}],"version-history":[{"count":84,"href":"https:\/\/vanessacommunicationanimale.com\/index.php\/wp-json\/wp\/v2\/pages\/20\/revisions"}],"predecessor-version":[{"id":2100,"href":"https:\/\/vanessacommunicationanimale.com\/index.php\/wp-json\/wp\/v2\/pages\/20\/revisions\/2100"}],"wp:attachment":[{"href":"https:\/\/vanessacommunicationanimale.com\/index.php\/wp-json\/wp\/v2\/media?parent=20"}],"curies":[{"name":"wp","href":"https:\/\/api.w.org\/{rel}","templated":true}]}}