{"id":213,"date":"2023-06-18T19:30:03","date_gmt":"2023-06-18T17:30:03","guid":{"rendered":"http:\/\/vanessacommunicationanimale.com\/?page_id=213"},"modified":"2026-01-16T12:35:58","modified_gmt":"2026-01-16T11:35:58","slug":"bienvenue-ici","status":"publish","type":"page","link":"https:\/\/vanessacommunicationanimale.com\/index.php\/bienvenue-ici\/","title":{"rendered":"Bienvenue ici !"},"content":{"rendered":"\n<p class=\"wp-block-paragraph\">Je suis heureuse de vous accueillir sur mon site Internet afin de vous expliquer et vous proposer tout ce que je sais faire et mettre en place pour le bien \u00eatre de vos animaux, pour vous mais aussi pour votre habitation.<\/p>\n\n\n\n<p class=\"wp-block-paragraph\"><\/p>\n\n\n\n<p class=\"wp-block-paragraph\">Je vous souhaite une bonne balade virtuelle et pourquoi pas une belle d\u00e9couverte de mon fabuleux m\u00e9tier autour des animaux !<\/p>\n\n\n\n<p class=\"wp-block-paragraph\"><\/p>\n\n\n\n<h2 class=\"wp-block-heading has-text-align-center\"><em><mark style=\"background-color:rgba(0, 0, 0, 0)\" class=\"has-inline-color has-pale-pink-color\"><strong><sup>Tout s&rsquo;\u00e9puise un jour&#8230; Sauf le bien que tu fais et l&rsquo;amour que tu donnes<\/sup><\/strong><\/mark><\/em><\/h2>\n\n\n\n<p class=\"wp-block-paragraph\"><\/p>\n\n\n\n<blockquote class=\"wp-block-quote is-layout-flow wp-block-quote-is-layout-flow\">\n<p class=\"wp-block-paragraph\"><\/p>\n<\/blockquote>\n\n\n<div class=\"wp-block-image\">\n<figure class=\"aligncenter size-full\"><img fetchpriority=\"high\" decoding=\"async\" width=\"908\" height=\"542\" src=\"http:\/\/vanessacommunicationanimale.com\/wp-content\/uploads\/2023\/06\/Flyers1-1.jpg\" alt=\"\" class=\"wp-image-215\" srcset=\"https:\/\/vanessacommunicationanimale.com\/wp-content\/uploads\/2023\/06\/Flyers1-1.jpg 908w, https:\/\/vanessacommunicationanimale.com\/wp-content\/uploads\/2023\/06\/Flyers1-1-300x179.jpg 300w, https:\/\/vanessacommunicationanimale.com\/wp-content\/uploads\/2023\/06\/Flyers1-1-768x458.jpg 768w\" sizes=\"(max-width: 908px) 100vw, 908px\" \/><\/figure>\n<\/div>\n\n\n<p class=\"wp-block-paragraph\"><mark style=\"background-color:rgba(0, 0, 0, 0)\" class=\"has-inline-color has-white-color\">.<\/mark><\/p>\n\n\n<p class=\"fonts-plugin-block \"><\/p>\n\n\n<h2 class=\"wp-block-heading\">Mes pratiques autour des animaux pour faire le bien \u2665<\/h2>\n\n\n\n<p class=\"wp-block-paragraph\">Si vous \u00eates arriv\u00e9 ici, ce n&rsquo;est pas par hasard ! Vous aimez les animaux et vous \u00eates conscient qu&rsquo;il est tout \u00e0 fait possible d&rsquo;en savoir beaucoup plus sur eux pour mieux les comprendre, les accompagner et les aider \u00e0 encore mieux vivre leur vie aupr\u00e8s de vous.<\/p>\n\n\n\n<p class=\"wp-block-paragraph\">Voici ce que je propose aujourd&rsquo;hui :<\/p>\n\n\n\n<ul class=\"wp-block-list\">\n<li>Communication animale<\/li>\n\n\n\n<li>S\u00e9ances \u00e9nerg\u00e9tiques (pour les animaux, leur famille et leur habitat)<\/li>\n\n\n\n<li>Bilan en Fleurs de Bach<\/li>\n\n\n\n<li>Accompagnement dans le deuil animalier<\/li>\n<\/ul>\n\n\n\n<p class=\"wp-block-paragraph\">Je suis profond\u00e9ment reconnaissante aupr\u00e8s des gardiens (ie la famille) qui me font confiance dans l&rsquo;ensemble de mes accompagnements que je propose pour leurs animaux. Gr\u00e2ce \u00e0 eux, je peux transmettre diverses informations concernant leurs besoins, leurs envies, leurs ressentis, leurs \u00e9motions, leurs bonheurs, leurs angoisses&#8230; En communication animale, tout ce que l&rsquo;animal a envie de me transmettre lors des s\u00e9ances, je le retransmets aux gardiens et la relation prend tout \u00e0 coup une autre dimension. Votre amour pour votre animal s&rsquo;amplifie car vous prenez conscience qu&rsquo;il en sait beaucoup plus que vous ne le pensiez.<\/p>\n\n\n\n<p class=\"wp-block-paragraph\">Dans ma pratique, j&rsquo;aime ; dans un premier temps faire un bilan \u00e9nerg\u00e9tique complet de votre animal (surtout s&rsquo;il y a une probl\u00e9matique bien sp\u00e9cifique) puis ensuite, si n\u00e9cessaire, une communication animale. Il sera aussi possible de faire un accompagnement avec les fleurs de Bach, si besoin. Lorsque que je travaille j&rsquo;utilise \u00e9galement le \u00ab\u00a0son\u00a0\u00bb par le biais de fr\u00e9quence sonore afin d&rsquo;apaiser encore plus votre animal (diapasons sur les m\u00e9ridiens&#8230;).<\/p>\n\n\n\n<h2 class=\"wp-block-heading\">Mais qu&rsquo;est-ce que c&rsquo;est la \u00ab\u00a0Communication Animale\u00a0\u00bb ?<\/h2>\n\n\n\n<p class=\"wp-block-paragraph\"><\/p>\n\n\n\n<p class=\"wp-block-paragraph\">C&rsquo;est \u00eatre capable de capter l&rsquo;\u00e9nergie d&rsquo;un animal et d&rsquo;interpr\u00e9ter ses pens\u00e9es et ses sentiments.<\/p>\n\n\n\n<p class=\"wp-block-paragraph\">Tout d&rsquo;abord ce n\u2019est pas un don et surtout il n&rsquo;y a pas de secret. Gr\u00e2ce \u00e0 une formation, j&rsquo;ai pu acqu\u00e9rir des m\u00e9thodes, des outils, des conseils et au fil du temps j&rsquo;ai pu mettre en place mes propres techniques. Il est important de savoir que nous avons toutes et tous les capacit\u00e9s pour communiquer de la sorte, il suffit juste de les travailler, tout le temps.<\/p>\n\n\n\n<p class=\"wp-block-paragraph\">La base de la communication animale, dite aussi intuitive, est de se connecter \u00e0 un animal par la pens\u00e9e, dans un \u00e9tat m\u00e9ditatif. C&rsquo;est une connexion de c\u0153ur \u00e0 c\u0153ur, d&rsquo;\u00e2me \u00e0 \u00e2me, en se connectant sur la m\u00eame fr\u00e9quence vibratoire que l&rsquo;animal (c&rsquo;est un peu pareil quand nous cherchons \u00e0 nous connecter \u00e0 une fr\u00e9quence radio. Cet exemple est souvent cit\u00e9 pour que vous puissiez visualiser et comprendre).<\/p>\n\n\n\n<p class=\"wp-block-paragraph\">Mais nous utilisons aussi le terme \u00ab\u00a0T\u00e9l\u00e9pathie\u00a0\u00bb <em>(d\u00e9finition du dictionnaire Larousse : nom f\u00e9minin &#8211; Transmission de pens\u00e9es ou d&rsquo;impressions quelconques d&rsquo;une personne \u00e0 une autre en dehors de toute communication par les voies sensorielles connues. Synonyme : transmission de pens\u00e9e).<\/em> \u00ab T\u00e9l\u00e9pathie \u00bb est d\u00e9riv\u00e9e de deux mots grecs, \u00ab tele \u00bb signifiant \u00ab distance \u00bb et \u00ab pathos \u00bb qui veut dire \u00ab sentiment \u00bb.<\/p>\n\n\n\n<p class=\"wp-block-paragraph\"><\/p>\n\n\n\n<h2 class=\"wp-block-heading\">Comment se d\u00e9roule une s\u00e9ance de \u00ab\u00a0Communication Animale\u00a0\u00bb ?<\/h2>\n\n\n\n<p class=\"wp-block-paragraph\">Avant chaque s\u00e9ance, il est important pour moi de me faire un nettoyage \u00e9nerg\u00e9tique afin de me sentir bien avant de commencer. Puis je m\u00e9dite afin d&rsquo;ouvrir mon canal intuitif en pleine conscience.<\/p>\n\n\n\n<p class=\"wp-block-paragraph\">Ensuite, je me connecte \u00e0 votre animal et ensemble (votre animal et moi, la communicante) nous \u00e9changeons sur sa personnalit\u00e9, son environnement, sa vie pour aborder les sujets demand\u00e9s par le gardien (vous m\u00eame). Je travaille principalement le soir tr\u00e8s tard, quand tout est calme chez moi mais aussi chez vous, sinon je suis trop parasit\u00e9e car je suis tr\u00e8s r\u00e9ceptive. Il est tout \u00e0 fait possible de communiquer la journ\u00e9e mais mes sens extrasensoriels sont mis \u00e0 rude \u00e9preuve plus facilement et c&rsquo;est vite \u00e9puisant \u00e9nerg\u00e9tiquement. Par exemple, si la t\u00e9l\u00e9vision a le volume \u00e0 fond, je vais entendre un brouhaha indescriptible et voir des bribes d&rsquo;images de films ou de s\u00e9ries&#8230; Je d\u00e9cide donc \u00e0 quel moment il est le plus judicieux pour moi de faire cette communication animale.<\/p>\n\n\n\n<p class=\"wp-block-paragraph\">Chaque s\u00e9ance est diff\u00e9rente ! Comme expliqu\u00e9 plus haut mes sens extrasensoriels sont en alerte \u00e0 la moindre information. Je peux <strong>ressentir<\/strong> des choses (douleurs physiques&#8230;), <strong>entendre<\/strong> des sons (du quotidien ou autre&#8230;), <strong>sentir <\/strong>des odeurs, <strong>voir<\/strong> des objets, des lieux, des images, des formes\u2026, mais aussi avoir le <strong>go\u00fbt<\/strong> en direct. Je vous avoue que cette derni\u00e8re capacit\u00e9 n\u2019est pas ma pr\u00e9f\u00e9r\u00e9e, mais elle reste tr\u00e8s int\u00e9ressante malgr\u00e9 tout.<\/p>\n\n\n\n<p class=\"wp-block-paragraph\">Pendant une bonne heure, je retranscris tout ce que l&rsquo;animal va me dire en \u00e9criture intuitive. Il se peut que j&rsquo;utilise du vocabulaire de chez vous et que cela vous parle instantan\u00e9ment alors que je ne l&rsquo;utilise jamais chez moi. J&rsquo;\u00e9cris de but en blanc ce qui est dit et \u00e0 la fin je vous remets le compte rendu par mail.<\/p>\n\n\n\n<p class=\"wp-block-paragraph\">Pour finir, l\u2019ensemble de mes s\u00e9ances se fait principalement \u00e0 distance, \u00e0 l\u2019aide d\u2019une photo r\u00e9cente de votre animal. Vous n&rsquo;avez donc pas besoin de vous organiser lorsque nous fixons un rendez-vous. Pratique !<\/p>\n\n\n\n<h2 class=\"wp-block-heading\">Mise en garde<\/h2>\n\n\n\n<p class=\"wp-block-paragraph\">L&rsquo;ensemble de mes s\u00e9ances ne remplacent absolument pas les consultations chez les sp\u00e9cialistes (v\u00e9t\u00e9rinaire, comportementaliste, psychologue, psychiatre&#8230;). Nous nous compl\u00e9tons dans le bien-\u00eatre animal \/ humain. En aucun cas, nous allons voir un psychologue quand nous avons la gastro&#8230; Ici c&rsquo;est pareil. Si votre animal est malade, il faut absolument qu&rsquo;il soit suivi puis soign\u00e9 par un sp\u00e9cialiste. Les s\u00e9ances que je propose ne pourront pas le \/ vous soigner. En revanche, en plus des suivis aupr\u00e8s des sp\u00e9cialistes mon travail peut \u00eatre b\u00e9n\u00e9fique pour r\u00e9pondre \u00e0 d&rsquo;autres questions afin de vous \u00e9couter, vous ou votre animal.<\/p>\n\n\n\n<p class=\"wp-block-paragraph\"><\/p>\n\n\n\n<h2 class=\"wp-block-heading\">Les petit plus<\/h2>\n\n\n\n<p class=\"wp-block-paragraph\"><\/p>\n\n\n\n<p class=\"wp-block-paragraph\">Je suis form\u00e9e aux fleurs de Bach pour les animaux et aussi pour sa famille. Cet accompagnement se distingue par son caract\u00e8re unique en son genre. Quels que soient les maux corporels dont souffre l&rsquo;\u00eatre vivant, ils ne sont pas pris en consid\u00e9ration car les fleurs de Bach s&rsquo;adressent exclusivement aux \u00e9tats psychiques. <\/p>\n\n\n\n<p class=\"wp-block-paragraph\">Cette approche holistique permet aux 38 rem\u00e8des d&rsquo;accompagner la souffrance \u00e9motionnelle d&rsquo;une mani\u00e8re exceptionnellement souple. <\/p>\n\n\n\n<p class=\"wp-block-paragraph\">Je travaille \u00e9galement avec des fr\u00e9quences sonores de gu\u00e9rison afin d&rsquo;amplifier le bien-\u00eatre dans mes s\u00e9ances pour les animaux. Je ne manquerai pas de vous expliquer ce que j&rsquo;ai fait et pourquoi.<\/p>\n\n\n\n<p class=\"wp-block-paragraph\">Ne soyez pas \u00e9tonn\u00e9s si vous recevez des extraits de livre \u00e0 certains moments dans mon compte rendu. J&rsquo;aime partager mes lectures, toujours en mentionnant la source bien \u00e9videment \u2665<\/p>\n\n\n\n<p class=\"wp-block-paragraph\"><\/p>\n\n\n\n<p class=\"wp-block-paragraph\"><\/p>\n\n\n<div class=\"wp-block-image\">\n<figure class=\"aligncenter size-large is-resized\"><img decoding=\"async\" width=\"1024\" height=\"875\" src=\"https:\/\/vanessacommunicationanimale.com\/wp-content\/uploads\/2025\/07\/Fond-rotin-vanessa-communication-animale-2025-1024x875.jpg\" alt=\"\" class=\"wp-image-1743\" style=\"width:674px;height:auto\" srcset=\"https:\/\/vanessacommunicationanimale.com\/wp-content\/uploads\/2025\/07\/Fond-rotin-vanessa-communication-animale-2025-1024x875.jpg 1024w, https:\/\/vanessacommunicationanimale.com\/wp-content\/uploads\/2025\/07\/Fond-rotin-vanessa-communication-animale-2025-300x256.jpg 300w, https:\/\/vanessacommunicationanimale.com\/wp-content\/uploads\/2025\/07\/Fond-rotin-vanessa-communication-animale-2025-768x656.jpg 768w, https:\/\/vanessacommunicationanimale.com\/wp-content\/uploads\/2025\/07\/Fond-rotin-vanessa-communication-animale-2025.jpg 1506w\" sizes=\"(max-width: 1024px) 100vw, 1024px\" \/><\/figure>\n<\/div>","protected":false},"excerpt":{"rendered":"<p>Je suis heureuse de vous accueillir sur mon site Internet afin de vous expliquer et vous proposer tout ce que je sais faire et mettre en place pour le bien&hellip; <a href=\"https:\/\/vanessacommunicationanimale.com\/index.php\/bienvenue-ici\/\" class=\"more-link\">Lire la suite <span class=\"screen-reader-text\">Bienvenue ici !<\/span><\/a><\/p>\n","protected":false},"author":1,"featured_media":0,"parent":0,"menu_order":0,"comment_status":"closed","ping_status":"closed","template":"","meta":{"_crdt_document":"","footnotes":""},"class_list":["post-213","page","type-page","status-publish","hentry","without-featured-image"],"_links":{"self":[{"href":"https:\/\/vanessacommunicationanimale.com\/index.php\/wp-json\/wp\/v2\/pages\/213","targetHints":{"allow":["GET"]}}],"collection":[{"href":"https:\/\/vanessacommunicationanimale.com\/index.php\/wp-json\/wp\/v2\/pages"}],"about":[{"href":"https:\/\/vanessacommunicationanimale.com\/index.php\/wp-json\/wp\/v2\/types\/page"}],"author":[{"embeddable":true,"href":"https:\/\/vanessacommunicationanimale.com\/index.php\/wp-json\/wp\/v2\/users\/1"}],"replies":[{"embeddable":true,"href":"https:\/\/vanessacommunicationanimale.com\/index.php\/wp-json\/wp\/v2\/comments?post=213"}],"version-history":[{"count":84,"href":"https:\/\/vanessacommunicationanimale.com\/index.php\/wp-json\/wp\/v2\/pages\/213\/revisions"}],"predecessor-version":[{"id":2026,"href":"https:\/\/vanessacommunicationanimale.com\/index.php\/wp-json\/wp\/v2\/pages\/213\/revisions\/2026"}],"wp:attachment":[{"href":"https:\/\/vanessacommunicationanimale.com\/index.php\/wp-json\/wp\/v2\/media?parent=213"}],"curies":[{"name":"wp","href":"https:\/\/api.w.org\/{rel}","templated":true}]}}