{"id":2132,"date":"2026-01-27T00:44:51","date_gmt":"2026-01-26T23:44:51","guid":{"rendered":"https:\/\/vanessacommunicationanimale.com\/?page_id=2132"},"modified":"2026-02-17T22:27:20","modified_gmt":"2026-02-17T21:27:20","slug":"espace-pivoine","status":"publish","type":"page","link":"https:\/\/vanessacommunicationanimale.com\/index.php\/espace-pivoine\/","title":{"rendered":"L&rsquo;espace Pivoine"},"content":{"rendered":"\n<figure class=\"wp-block-image size-large\"><img fetchpriority=\"high\" decoding=\"async\" width=\"1024\" height=\"404\" src=\"https:\/\/vanessacommunicationanimale.com\/wp-content\/uploads\/2026\/01\/Le-jardin-du-souvenir-pour-les-animaux-1024x404.jpg\" alt=\"\" class=\"wp-image-2133\" srcset=\"https:\/\/vanessacommunicationanimale.com\/wp-content\/uploads\/2026\/01\/Le-jardin-du-souvenir-pour-les-animaux-1024x404.jpg 1024w, https:\/\/vanessacommunicationanimale.com\/wp-content\/uploads\/2026\/01\/Le-jardin-du-souvenir-pour-les-animaux-300x118.jpg 300w, https:\/\/vanessacommunicationanimale.com\/wp-content\/uploads\/2026\/01\/Le-jardin-du-souvenir-pour-les-animaux-768x303.jpg 768w, https:\/\/vanessacommunicationanimale.com\/wp-content\/uploads\/2026\/01\/Le-jardin-du-souvenir-pour-les-animaux-1536x605.jpg 1536w, https:\/\/vanessacommunicationanimale.com\/wp-content\/uploads\/2026\/01\/Le-jardin-du-souvenir-pour-les-animaux-2048x807.jpg 2048w\" sizes=\"(max-width: 1024px) 100vw, 1024px\" \/><\/figure>\n\n\n\n<p class=\"wp-block-paragraph\"><mark style=\"background-color:rgba(0, 0, 0, 0)\" class=\"has-inline-color has-white-color\">a<\/mark><\/p>\n\n\n\n<p class=\"wp-block-paragraph\">L&rsquo;espace Pivoine est un jardin du souvenir virtuel, imagin\u00e9 comme un lieu de douceur et de recueillement, d\u00e9di\u00e9 aux animaux qui ont travers\u00e9 nos vies et poursuivent aujourd\u2019hui leur chemin de l\u2019autre c\u00f4t\u00e9.<\/p>\n\n\n\n<p class=\"wp-block-paragraph\">Ici, les familles peuvent d\u00e9poser un hommage, partager des souvenirs, des mots du c\u0153ur et une photographie, afin d\u2019honorer la m\u00e9moire de leur compagnon disparu : chien, chat, ou autre petit\/grand \u00eatre \u00e0 poils, \u00e0 plumes, \u00e0 \u00e9cailles.<\/p>\n\n\n\n<p class=\"wp-block-paragraph\">Ce jardin des hommages permet d\u2019entretenir, pour toujours, le lien d\u2019amour et la pr\u00e9sence subtile de ces \u00e2mes animales qui continuent de vivre dans nos c\u0153urs.<\/p>\n\n\n\n<hr class=\"wp-block-separator has-alpha-channel-opacity is-style-dots\"\/>\n\n\n\n<h2 class=\"wp-block-heading has-text-align-center\"><mark style=\"background-color:rgba(0, 0, 0, 0)\" class=\"has-inline-color has-light-green-cyan-color\">Si vous aussi vous souhaitez d\u00e9poser votre message <\/mark><\/h2>\n\n\n\n<h2 class=\"wp-block-heading has-text-align-center\"><a href=\"https:\/\/vanessacommunicationanimale.com\/index.php\/deuil-animalier\/\"><mark style=\"background-color:rgba(0, 0, 0, 0)\" class=\"has-inline-color has-vivid-green-cyan-color\">c&rsquo;est possible ici<\/mark><\/a><\/h2>\n\n\n\n<p class=\"has-text-align-center wp-block-paragraph\"><em>Cliquez sur lien \u00ab\u00a0c&rsquo;est possible ici\u00a0\u00bb et descendez tout en bas de la page redirig\u00e9e<\/em><\/p>\n\n\n\n<hr class=\"wp-block-separator has-alpha-channel-opacity is-style-dots\"\/>\n\n\n<div class=\"wp-block-image\">\n<figure class=\"aligncenter size-full is-resized\"><img decoding=\"async\" width=\"937\" height=\"981\" src=\"https:\/\/vanessacommunicationanimale.com\/wp-content\/uploads\/2026\/02\/image-6.png\" alt=\"\" class=\"wp-image-2233\" style=\"aspect-ratio:0.955142405299388;width:436px;height:auto\" srcset=\"https:\/\/vanessacommunicationanimale.com\/wp-content\/uploads\/2026\/02\/image-6.png 937w, https:\/\/vanessacommunicationanimale.com\/wp-content\/uploads\/2026\/02\/image-6-287x300.png 287w, https:\/\/vanessacommunicationanimale.com\/wp-content\/uploads\/2026\/02\/image-6-768x804.png 768w\" sizes=\"(max-width: 937px) 100vw, 937px\" \/><\/figure>\n<\/div>\n\n\n<p class=\"wp-block-paragraph\"><strong>Edzo<\/strong>,<\/p>\n\n\n\n<p class=\"wp-block-paragraph\"><br>Notre poupou d&rsquo;amour. Tu as su nous faire craquer avec ton petit regard tout triste et tes billes toute ronde.<\/p>\n\n\n\n<p class=\"wp-block-paragraph\"><br>Tu as \u00e9t\u00e9 un tr\u00e8s bon compagnon pour louloute et tu l&rsquo;as prise comme une m\u00e8re, ton rep\u00e8re. Toujours ce besoin d&rsquo;\u00eatre coll\u00e9 \u00e0 quelqu&rsquo;un, tu n&rsquo;aimais pas la solitude. Perdu d\u00e8s que tu ne voyais pas Criska. M\u00eame avec ton petit caract\u00e8re t\u00eatu et fugueur tu \u00e9tais un amour de chien. Tes petits hurlements tel un loup selon les pubs ou musiques nous faisait fondre.<br><\/p>\n\n\n\n<p class=\"wp-block-paragraph\">On a essay\u00e9 de t&rsquo;apporter tout notre amour du mieux que l&rsquo;on pouvait, et tu resteras \u00e0 tout jamais grav\u00e9 dans notre c\u0153ur. Notre poupou d&rsquo;amour, notre petit pot de colle. Tu as retrouv\u00e9 ta ch\u00e9rie et vous devez faire de belles parties de jeux ensemble.<\/p>\n\n\n\n<p class=\"wp-block-paragraph\">Tu reposes en paix maintenant et je te dis combien je t&rsquo;aime et que tu me manques \u00e0 votre place qui vous appartiendra tout le temps avec louloute.<\/p>\n\n\n\n<p class=\"wp-block-paragraph\"><\/p>\n\n\n\n<h2 class=\"wp-block-heading has-text-align-right\"><mark style=\"background-color:rgba(0, 0, 0, 0)\" class=\"has-inline-color has-luminous-vivid-amber-color\">La\u00ebtitia<\/mark><\/h2>\n\n\n\n<hr class=\"wp-block-separator has-alpha-channel-opacity is-style-dots\"\/>\n\n\n<div class=\"wp-block-image\">\n<figure class=\"aligncenter size-full is-resized\"><img decoding=\"async\" width=\"940\" height=\"983\" src=\"https:\/\/vanessacommunicationanimale.com\/wp-content\/uploads\/2026\/02\/image-5.png\" alt=\"\" class=\"wp-image-2229\" style=\"aspect-ratio:0.9562478478003303;width:433px;height:auto\" srcset=\"https:\/\/vanessacommunicationanimale.com\/wp-content\/uploads\/2026\/02\/image-5.png 940w, https:\/\/vanessacommunicationanimale.com\/wp-content\/uploads\/2026\/02\/image-5-287x300.png 287w, https:\/\/vanessacommunicationanimale.com\/wp-content\/uploads\/2026\/02\/image-5-768x803.png 768w\" sizes=\"(max-width: 940px) 100vw, 940px\" \/><\/figure>\n<\/div>\n\n\n<p class=\"wp-block-paragraph\"><strong>Criska<\/strong>,<\/p>\n\n\n\n<p class=\"wp-block-paragraph\">Ma louloute, notre premier b\u00e9b\u00e9, tu as conquis notre c\u0153ur d\u00e8s le d\u00e9but. Tu as toujours \u00e9t\u00e9 tr\u00e8s c\u00e2line, on pouvait t&#8217;emmener partout avec nous, tu ne disais jamais rien et toujours tr\u00e8s \u00e0 l&rsquo;\u00e9coute. Les balades sans laisse et jamais rien \u00e0 redire. Tu passais dans les magasins inaper\u00e7u dans mon sac a main.<br><\/p>\n\n\n\n<p class=\"wp-block-paragraph\">Tes siestes tel un chat sur le dossier du canap\u00e9 ou sur la table lorsqu&rsquo;on \u00e9tait au travail, que tu t&#8217;empressais de descendre avant que l&rsquo;on te voit.<\/p>\n\n\n\n<p class=\"wp-block-paragraph\"><br>Tu auras \u00e9t\u00e9 notre b\u00e9b\u00e9 qui aura combl\u00e9 notre c\u0153ur et nous avons fait de notre mieux pour t&rsquo;apporter tout notre amour en retour.<br>Ton petit regard qui en disait si long. Malgr\u00e9 ta vieillesse tu faisais toujours ta fofolle lorsque l&rsquo;on te caressait m\u00eame si ton corps \u00e9tait fatigu\u00e9.<br><\/p>\n\n\n\n<p class=\"wp-block-paragraph\">Tu es et restera toujours dans notre c\u0153ur \u00e0 tout jamais ma louloute notre b\u00e9b\u00e9.<\/p>\n\n\n\n<p class=\"wp-block-paragraph\">Tu reposes en paix maintenant et je te dis combien je t&rsquo;aime et que tu me manques \u00e0 votre place qui vous appartiendra tout le temps avec poupou.<\/p>\n\n\n\n<p class=\"wp-block-paragraph\"><\/p>\n\n\n\n<h2 class=\"wp-block-heading has-text-align-right\"><mark style=\"background-color:rgba(0, 0, 0, 0)\" class=\"has-inline-color has-luminous-vivid-amber-color\">La\u00ebtitia<\/mark><\/h2>\n\n\n\n<hr class=\"wp-block-separator has-alpha-channel-opacity is-style-dots\"\/>\n\n\n<div class=\"wp-block-image\">\n<figure class=\"aligncenter size-full is-resized\"><img decoding=\"async\" src=\"http:\/\/vanessacommunicationanimale.com\/wp-content\/uploads\/2026\/01\/Izar-Vanessa-Communication-Animale-PIVOINE.jpg\" alt=\"\" class=\"wp-image-2195\" style=\"aspect-ratio:0.9507102162926255;width:442px;height:auto\"\/><\/figure>\n<\/div>\n\n\n<p class=\"wp-block-paragraph\"><em>Le 31 mai 2024, j&rsquo;\u00e9crivais ces quelques lignes<\/em><\/p>\n\n\n\n<p class=\"wp-block-paragraph\"><mark style=\"background-color:rgba(0, 0, 0, 0)\" class=\"has-inline-color has-pale-cyan-blue-color\">\u2764\ufe0f<\/mark> <strong>Izar <\/strong><mark style=\"background-color:rgba(0, 0, 0, 0)\" class=\"has-inline-color has-pale-cyan-blue-color\">\u2764\ufe0f<\/mark> mon compagnon de vie <mark style=\"background-color:rgba(0, 0, 0, 0)\" class=\"has-inline-color has-pale-cyan-blue-color\">\u2764\ufe0f<\/mark><\/p>\n\n\n\n<p class=\"wp-block-paragraph\"><br>Un loulou plein d&rsquo;amour, de soutien, de loyaut\u00e9, de protection.<\/p>\n\n\n\n<p class=\"wp-block-paragraph\"><br>Jusqu&rsquo;\u00e0 pr\u00e9sent malgr\u00e9 tes 11ans nous \u00e9tions encore plein d&rsquo;insouciance, \u00e0 ne pas s&rsquo;inqui\u00e9ter du lendemain, \u00e0 repousser toujours plus loin ces moments que chaque gardien d&rsquo;animaux connait et redoute\u2026<\/p>\n\n\n\n<p class=\"wp-block-paragraph\"><br>Aujourd&rsquo;hui, nous nous soucions de demain, des diagnostics qui tombent et tomberont, nous allons avancer \u00e0 t\u00e2tons\u2026. Je r\u00e9alise de plus en plus, chaque jour, \u00e0 quel point ce serait difficile sans toi, ces instants comme ceux d&rsquo;hier seraient \u00e0 gommer de la page.<br>La Vie est fragile, un souffle pourrait faire tomber le ch\u00e2teau de cartes que l&rsquo;on s&rsquo;\u00e9tait construit au fil des ann\u00e9es<br><\/p>\n\n\n\n<p class=\"wp-block-paragraph\">Cet \u00e9quilibre fragile et puissant \u00e0 la fois, simple et magique, triste et heureux, constitu\u00e9s d&rsquo;ombres et de lumi\u00e8res\u2026<br><\/p>\n\n\n\n<p class=\"wp-block-paragraph\">Quoiqu&rsquo;il s&rsquo;est pass\u00e9 dans notre vie, tu as toujours \u00e9t\u00e9 l\u00e0, tu as su me prot\u00e9ger comme peu l&rsquo;on fait, tu m&rsquo;as \u00e9paul\u00e9, boost\u00e9 dans des p\u00e9riodes o\u00f9 j&rsquo;aurais pu sombrer, tu m&rsquo;as redonn\u00e9 le sourire lorsque j&rsquo;avais envi de pleurer. Tu m&rsquo;as suivi partout, \u00e0 v\u00e9lo, \u00e0 cheval, sur un kayak, un paddle, \u00e0 la nage, en montagne, dans la neige, sur le sable, sur les routes, lors de mes changements de vie, en bivouac, en voyage, en rando.<br><\/p>\n\n\n\n<p class=\"wp-block-paragraph\">Tu m&rsquo;as prouv\u00e9 que l&rsquo;amour sans condition pouvait exister.<br><\/p>\n\n\n\n<p class=\"wp-block-paragraph\">D\u00e9sormais c&rsquo;est \u00e0 moi de prendre soin de toi et de faire les \u00ab\u00a0bons\u00a0\u00bb choix.<br><\/p>\n\n\n\n<p class=\"wp-block-paragraph\">Izar, mon poilu, mon ami, mon soutien, mon gardien, mon papydoux quelle chance j&rsquo;ai eu que nos chemins ce soient crois\u00e9s.<br>Merci.<br><\/p>\n\n\n\n<p class=\"wp-block-paragraph\">Aujourd&rsquo;hui, je suis sans toi, vide de toi, malgr\u00e9 que tu m&rsquo;aies combl\u00e9 de joies. C&rsquo;est arriv\u00e9 un an et demi apr\u00e8s. M\u00eame lorsque l&rsquo;on sait que \u00e7a va arriver on y est jamais pr\u00e9par\u00e9. On souhaite repousser l&rsquo;\u00e9ch\u00e9ance encore et encore. Mais parfois, il faut accepter de vous laisser partir, pour que vous puissiez partir dignement, dans le respect et l&rsquo;amour. C&rsquo;est \u00e7a aussi l&rsquo;amour, l&rsquo;amour que j&rsquo;ai eu pour toi et que j&rsquo;ai encore aujourd&rsquo;hui, l&rsquo;amour qui m&rsquo;a permis de prendre cette d\u00e9cision pour toi, pour te permettre de te lib\u00e9rer de ce corps qui \u00e9tait devenu souffrance.<br><\/p>\n\n\n\n<p class=\"wp-block-paragraph\">Maintenant, je dois apprendre \u00e0 vivre sans toi, sans tes poils partout, sans la bave que tu me foutais partout, sans nos c\u00e2lins, sans ma main dans tes poils, sans nos balades et tes moments de roulade, sans tes bonds de joie d\u00e8s que tu me voyais, sans toi qui me suivais partout comme mon ombre. Sans toi dans ton enti\u00e8ret\u00e9.<br><\/p>\n\n\n\n<p class=\"wp-block-paragraph\">Tu as laiss\u00e9 un vide qui ne se remplit pas, un silence qui ne se comble pas. Tu as laiss\u00e9 aussi et surtout des souvenirs magiques qui resteront pour toujours dans mon c\u0153ur.<br><\/p>\n\n\n\n<p class=\"wp-block-paragraph\">Merci pour tout mon poilus d&rsquo;amour.<\/p>\n\n\n\n<p class=\"wp-block-paragraph\"><\/p>\n\n\n\n<h2 class=\"wp-block-heading has-text-align-right\"><mark style=\"background-color:rgba(0, 0, 0, 0)\" class=\"has-inline-color has-luminous-vivid-amber-color\">Charlotte<\/mark><\/h2>\n\n\n\n<hr class=\"wp-block-separator has-alpha-channel-opacity is-style-dots\"\/>\n\n\n<div class=\"wp-block-image\">\n<figure class=\"aligncenter size-large is-resized\"><img loading=\"lazy\" decoding=\"async\" width=\"974\" height=\"1024\" src=\"https:\/\/vanessacommunicationanimale.com\/wp-content\/uploads\/2026\/01\/Teo-Vanessa-Communication-Animale-PIVOINE-974x1024.jpg\" alt=\"\" class=\"wp-image-2203\" style=\"aspect-ratio:0.9511767343979878;width:434px;height:auto\" srcset=\"https:\/\/vanessacommunicationanimale.com\/wp-content\/uploads\/2026\/01\/Teo-Vanessa-Communication-Animale-PIVOINE-974x1024.jpg 974w, https:\/\/vanessacommunicationanimale.com\/wp-content\/uploads\/2026\/01\/Teo-Vanessa-Communication-Animale-PIVOINE-285x300.jpg 285w, https:\/\/vanessacommunicationanimale.com\/wp-content\/uploads\/2026\/01\/Teo-Vanessa-Communication-Animale-PIVOINE-768x808.jpg 768w, https:\/\/vanessacommunicationanimale.com\/wp-content\/uploads\/2026\/01\/Teo-Vanessa-Communication-Animale-PIVOINE-1460x1536.jpg 1460w, https:\/\/vanessacommunicationanimale.com\/wp-content\/uploads\/2026\/01\/Teo-Vanessa-Communication-Animale-PIVOINE-1947x2048.jpg 1947w\" sizes=\"(max-width: 974px) 100vw, 974px\" \/><\/figure>\n<\/div>\n\n\n<p class=\"wp-block-paragraph\"><strong>T\u00e9o<\/strong><\/p>\n\n\n\n<p class=\"wp-block-paragraph\"><br>J&rsquo;aurais tellement aim\u00e9 pouvoir te donner une meilleure vie, une vie dans laquelle on se serait jamais quitt\u00e9, o\u00f9 je t&rsquo;aurais fait d\u00e9couvrir pleins d&rsquo;endroits et fait de belles balades, mais aussi des activit\u00e9s et des jeux.<\/p>\n\n\n\n<p class=\"wp-block-paragraph\"><br>Alors bien s\u00fbr qu&rsquo;il y a eu tout \u00e7a mais clairement ce n&rsquo;\u00e9tait pas assez et je le ressens aujourd&rsquo;hui, \u00e0 l&rsquo;\u00e9poque je n&rsquo;avais pas tout \u00e0 fait cette sensibilit\u00e9 qui m&rsquo;aurait permis de te donner plus, plus de temps plus d&rsquo;amour.<\/p>\n\n\n\n<p class=\"wp-block-paragraph\"><br>Sache que tu es dans mon c\u0153ur et que tu me manques, je penses souvent \u00e0 toi et on sera \u00e0 nouveau r\u00e9unis un jour.<\/p>\n\n\n\n<p class=\"wp-block-paragraph\"><\/p>\n\n\n\n<h2 class=\"wp-block-heading has-text-align-right\"><mark style=\"background-color:rgba(0, 0, 0, 0)\" class=\"has-inline-color has-luminous-vivid-amber-color\">Micha\u00ebl<\/mark><\/h2>\n\n\n\n<hr class=\"wp-block-separator has-alpha-channel-opacity is-style-dots\"\/>\n\n\n<div class=\"wp-block-image\">\n<figure class=\"aligncenter size-large is-resized\"><img loading=\"lazy\" decoding=\"async\" width=\"974\" height=\"1024\" src=\"https:\/\/vanessacommunicationanimale.com\/wp-content\/uploads\/2026\/01\/Moumoute-Sophie-DREUX-VCA-974x1024.jpg\" alt=\"\" class=\"wp-image-2181\" style=\"aspect-ratio:0.9511767343979878;width:438px;height:auto\" srcset=\"https:\/\/vanessacommunicationanimale.com\/wp-content\/uploads\/2026\/01\/Moumoute-Sophie-DREUX-VCA-974x1024.jpg 974w, https:\/\/vanessacommunicationanimale.com\/wp-content\/uploads\/2026\/01\/Moumoute-Sophie-DREUX-VCA-285x300.jpg 285w, https:\/\/vanessacommunicationanimale.com\/wp-content\/uploads\/2026\/01\/Moumoute-Sophie-DREUX-VCA-768x808.jpg 768w, https:\/\/vanessacommunicationanimale.com\/wp-content\/uploads\/2026\/01\/Moumoute-Sophie-DREUX-VCA-1460x1536.jpg 1460w, https:\/\/vanessacommunicationanimale.com\/wp-content\/uploads\/2026\/01\/Moumoute-Sophie-DREUX-VCA-1947x2048.jpg 1947w\" sizes=\"(max-width: 974px) 100vw, 974px\" \/><\/figure>\n<\/div>\n\n\n<p class=\"wp-block-paragraph\">A toi <strong>Moumoute<\/strong>,<\/p>\n\n\n\n<p class=\"wp-block-paragraph\">Mon petit lapin blanc aux yeux bleus, ma petite perle \u2764\ufe0f doux comme la neige.<\/p>\n\n\n\n<p class=\"wp-block-paragraph\">Pendant 10 longues et belles ann\u00e9es, tu as \u00e9t\u00e9 bien plus qu&rsquo;un animal : tu \u00e9tais une pr\u00e9sence rassurante, un coeur calme, un \u00eatre profond\u00e9ment gentil. Toujours paisible, toujours aimant.<br><\/p>\n\n\n\n<p class=\"wp-block-paragraph\">Ton d\u00e9part laisse un vide immense.<br><\/p>\n\n\n\n<p class=\"wp-block-paragraph\">Ta ch\u00e9rie lapine nunuche, te cherche encore, le c\u0153ur lourd, perdue sans toi. Et nous aussi nous ressentons ce silence, cette absence qui p\u00e8se, ce manque qui serre la poitrine.<br><\/p>\n\n\n\n<p class=\"wp-block-paragraph\">Nous t&rsquo;avons accompagn\u00e9 jusqu&rsquo;au bout. Tous les 5, mon mari, mes 3 enfants et moi. Pr\u00e9sents \u00e0 tes c\u00f4t\u00e9s accompagn\u00e9 d&rsquo;un v\u00e9t\u00e9rinaire d&rsquo;une bienveillance extr\u00eamement rare.<br><\/p>\n\n\n\n<p class=\"wp-block-paragraph\">Un adieu magnifique, rempli de respect d&rsquo;amour et de douceur. Un accompagnement \u00e0 ton image, digne et merveilleux.<br><\/p>\n\n\n\n<p class=\"wp-block-paragraph\">Tu es parti entour\u00e9, aim\u00e9, rassur\u00e9. M\u00eame si la douleur est grande, nous savons que tu as quitt\u00e9 ce monde sans peur, port\u00e9 par nos mains et nos c\u0153urs.<\/p>\n\n\n\n<p class=\"wp-block-paragraph\">Repose en paix petit ange blanc.<\/p>\n\n\n\n<p class=\"wp-block-paragraph\"><br>Ton amour reste vivant en nous. Tu nous manques infiniment.<\/p>\n\n\n\n<p class=\"wp-block-paragraph\"><\/p>\n\n\n\n<h2 class=\"wp-block-heading has-text-align-right\"><mark style=\"background-color:rgba(0, 0, 0, 0)\" class=\"has-inline-color has-luminous-vivid-amber-color\">Sophie<\/mark><\/h2>\n\n\n\n<hr class=\"wp-block-separator has-alpha-channel-opacity is-style-dots\"\/>\n\n\n<div class=\"wp-block-image\">\n<figure class=\"aligncenter size-large is-resized\"><img loading=\"lazy\" decoding=\"async\" width=\"974\" height=\"1024\" src=\"https:\/\/vanessacommunicationanimale.com\/wp-content\/uploads\/2026\/01\/Bouboule-Sophie-DREUX-VCA-974x1024.jpg\" alt=\"\" class=\"wp-image-2178\" style=\"aspect-ratio:0.9511767343979878;width:431px;height:auto\" srcset=\"https:\/\/vanessacommunicationanimale.com\/wp-content\/uploads\/2026\/01\/Bouboule-Sophie-DREUX-VCA-974x1024.jpg 974w, https:\/\/vanessacommunicationanimale.com\/wp-content\/uploads\/2026\/01\/Bouboule-Sophie-DREUX-VCA-285x300.jpg 285w, https:\/\/vanessacommunicationanimale.com\/wp-content\/uploads\/2026\/01\/Bouboule-Sophie-DREUX-VCA-768x808.jpg 768w, https:\/\/vanessacommunicationanimale.com\/wp-content\/uploads\/2026\/01\/Bouboule-Sophie-DREUX-VCA-1460x1536.jpg 1460w, https:\/\/vanessacommunicationanimale.com\/wp-content\/uploads\/2026\/01\/Bouboule-Sophie-DREUX-VCA-1947x2048.jpg 1947w\" sizes=\"(max-width: 974px) 100vw, 974px\" \/><\/figure>\n<\/div>\n\n\n<p class=\"wp-block-paragraph\"><strong>Bouboule<\/strong>,<\/p>\n\n\n\n<p class=\"wp-block-paragraph\">Ma petite boulie d&rsquo;amour, mon petit boulito au c\u0153ur immense. Tu as partag\u00e9 notre vie pendant presque 3 ans, qui ont compt\u00e9 bien plus que le temps ne peut le dire.<br><\/p>\n\n\n\n<p class=\"wp-block-paragraph\">Tu nous as apport\u00e9 beaucoup d&rsquo;amour, de s\u00e9r\u00e9nit\u00e9 et de joie \u2764\ufe0f Tu \u00e9tais tellement aim\u00e9, profond\u00e9ment.<br><\/p>\n\n\n\n<p class=\"wp-block-paragraph\">Mes enfants avaient un lien tr\u00e8s fort avec toi. Particuli\u00e8rement Ma\u00eflys, un lien si doux avec toi. Moi aussi je t&rsquo;aimais \u00e9norm\u00e9ment, plus que je ne l&rsquo;aurais imagin\u00e9 pour un si petit \u00eatre.<br><\/p>\n\n\n\n<p class=\"wp-block-paragraph\">Deux jours avant ton d\u00e9part, je t&rsquo;ai dit adieu. Mon c\u0153ur savait d\u00e9j\u00e0. Quel vide que tu laisses.<br><\/p>\n\n\n\n<p class=\"wp-block-paragraph\">Aujourd&rsquo;hui ton absence fait mal mais t&rsquo;avoir eu dans notre vie nous a rempli de bonheur tu \u00e9tais si douce, une bouboule merveilleuse.<\/p>\n\n\n\n<p class=\"wp-block-paragraph\">Repose en paix ma ch\u00e9rie \u2764\ufe0f tu seras toujours dans nos c\u0153urs.<\/p>\n\n\n\n<p class=\"wp-block-paragraph\"><\/p>\n\n\n\n<h2 class=\"wp-block-heading has-text-align-right\"><mark style=\"background-color:rgba(0, 0, 0, 0)\" class=\"has-inline-color has-luminous-vivid-amber-color\">Sophie<\/mark><\/h2>\n\n\n\n<hr class=\"wp-block-separator has-alpha-channel-opacity is-style-dots\"\/>\n\n\n<div class=\"wp-block-image\">\n<figure class=\"aligncenter size-full is-resized\"><img decoding=\"async\" src=\"http:\/\/vanessacommunicationanimale.com\/wp-content\/uploads\/2026\/01\/Guizmo-Vanessa-2.jpg\" alt=\"\" class=\"wp-image-2174\" style=\"aspect-ratio:0.9507102162926255;width:438px;height:auto\"\/><\/figure>\n<\/div>\n\n\n<p class=\"wp-block-paragraph\"><strong>Guizmo <\/strong>mon bien aim\u00e9,<\/p>\n\n\n\n<p class=\"wp-block-paragraph\">Tu as \u00e9t\u00e9 mon tout premier chat, et pour toujours tu garderas une place unique dans mon c\u0153ur. <\/p>\n\n\n\n<p class=\"wp-block-paragraph\">Mon siamois aux yeux bleus qui louchaient avec tendresse, cet \u00eatre magnifique et profond\u00e9ment attachant. Tu savais nous parler, te coller contre nous et nous aimer sans retenue. Tu aimais tout entier comme nous on t&rsquo;aimait tout entier, avec cette pr\u00e9sence pleine et vraie qui ne laisse jamais indiff\u00e9rent.<\/p>\n\n\n\n<p class=\"wp-block-paragraph\">Tu nous manques souvent aux filles et \u00e0 moi. Ton souvenir nous accompagne encore aujourd\u2019hui, comme un fil doux de notre histoire commune, un morceau pr\u00e9cieux de notre vie d\u2019aujourd\u2019hui. M\u00eame si tu as v\u00e9cu le plus longtemps de ta vie chez ma soeur c&rsquo;\u00e9tait avec joie de t&rsquo;accueillir chez nous.<\/p>\n\n\n\n<p class=\"wp-block-paragraph\">Je t&rsquo;ai offert une retraite paisible, \u00e0 la campagne, dans une maison baign\u00e9e de soleil. Tu es venu avec moi partout en vacance, en train, en voiture, en blablacar. Attach\u00e9 \u00e0 la ceinture avec ton petit harnais, au milieu des covoitureur tel un voyageur n\u00e9. <\/p>\n\n\n\n<p class=\"wp-block-paragraph\">Ta vie avec nous \u00e9tait un temps de calme et de douceur, \u00e0 ton image, avant de rejoindre les \u00e9toiles en f\u00e9vrier 2019.<\/p>\n\n\n\n<p class=\"wp-block-paragraph\">Merci Guizmo, pour ton amour, ta voix, ta pr\u00e9sence. Gr\u00e2ce \u00e0 toi j&rsquo;ai d\u00e9couvert la vie fabuleuse avec un chat !<\/p>\n\n\n\n<p class=\"wp-block-paragraph\">Tu vis \u00e0 jamais dans nos c\u0153urs, je t\u2019aime mon chat ch\u00e9ri <mark style=\"background-color:rgba(0, 0, 0, 0)\" class=\"has-inline-color has-pale-pink-color\">\u2665<\/mark> Ressens la vibration de ces mots jusqu&rsquo;\u00e0 toi et enveloppe nous de ta lumi\u00e8re cristalline <mark style=\"background-color:rgba(0, 0, 0, 0)\" class=\"has-inline-color has-pale-pink-color\">\u2665<\/mark><\/p>\n\n\n\n<h2 class=\"wp-block-heading has-text-align-right\"><mark style=\"background-color:rgba(0, 0, 0, 0)\" class=\"has-inline-color has-luminous-vivid-amber-color\">Vanessa<\/mark><\/h2>\n","protected":false},"excerpt":{"rendered":"<p>a L&rsquo;espace Pivoine est un jardin du souvenir virtuel, imagin\u00e9 comme un lieu de douceur et de recueillement, d\u00e9di\u00e9 aux animaux qui ont travers\u00e9 nos vies et poursuivent aujourd\u2019hui leur&hellip; <a href=\"https:\/\/vanessacommunicationanimale.com\/index.php\/espace-pivoine\/\" class=\"more-link\">Lire la suite <span class=\"screen-reader-text\">L&rsquo;espace Pivoine<\/span><\/a><\/p>\n","protected":false},"author":1,"featured_media":0,"parent":0,"menu_order":0,"comment_status":"closed","ping_status":"closed","template":"","meta":{"_crdt_document":"","footnotes":""},"class_list":["post-2132","page","type-page","status-publish","hentry","without-featured-image"],"_links":{"self":[{"href":"https:\/\/vanessacommunicationanimale.com\/index.php\/wp-json\/wp\/v2\/pages\/2132","targetHints":{"allow":["GET"]}}],"collection":[{"href":"https:\/\/vanessacommunicationanimale.com\/index.php\/wp-json\/wp\/v2\/pages"}],"about":[{"href":"https:\/\/vanessacommunicationanimale.com\/index.php\/wp-json\/wp\/v2\/types\/page"}],"author":[{"embeddable":true,"href":"https:\/\/vanessacommunicationanimale.com\/index.php\/wp-json\/wp\/v2\/users\/1"}],"replies":[{"embeddable":true,"href":"https:\/\/vanessacommunicationanimale.com\/index.php\/wp-json\/wp\/v2\/comments?post=2132"}],"version-history":[{"count":25,"href":"https:\/\/vanessacommunicationanimale.com\/index.php\/wp-json\/wp\/v2\/pages\/2132\/revisions"}],"predecessor-version":[{"id":2234,"href":"https:\/\/vanessacommunicationanimale.com\/index.php\/wp-json\/wp\/v2\/pages\/2132\/revisions\/2234"}],"wp:attachment":[{"href":"https:\/\/vanessacommunicationanimale.com\/index.php\/wp-json\/wp\/v2\/media?parent=2132"}],"curies":[{"name":"wp","href":"https:\/\/api.w.org\/{rel}","templated":true}]}}