{"id":385,"date":"2023-07-14T15:25:24","date_gmt":"2023-07-14T13:25:24","guid":{"rendered":"http:\/\/vanessacommunicationanimale.com\/?page_id=385"},"modified":"2026-01-21T19:39:33","modified_gmt":"2026-01-21T18:39:33","slug":"conseils-et-meditation","status":"publish","type":"page","link":"https:\/\/vanessacommunicationanimale.com\/index.php\/conseils-et-meditation\/","title":{"rendered":"Conseils et M\u00e9ditations"},"content":{"rendered":"\n<p class=\"wp-block-paragraph\">Ici vous allez retrouver mes vid\u00e9os pour vous aider \u00e0 retrouver votre animal perdu mais aussi une m\u00e9ditation pour que vous puissiez prendre du temps pour vous en m\u00e9ditant. <\/p>\n\n\n<div class=\"wp-block-image\">\n<figure class=\"aligncenter size-full is-resized\"><img fetchpriority=\"high\" decoding=\"async\" width=\"1024\" height=\"1536\" src=\"https:\/\/vanessacommunicationanimale.com\/wp-content\/uploads\/2026\/01\/Meditation-Vanessa-Communication-Animale.png\" alt=\"\" class=\"wp-image-2102\" style=\"width:398px;height:auto\" srcset=\"https:\/\/vanessacommunicationanimale.com\/wp-content\/uploads\/2026\/01\/Meditation-Vanessa-Communication-Animale.png 1024w, https:\/\/vanessacommunicationanimale.com\/wp-content\/uploads\/2026\/01\/Meditation-Vanessa-Communication-Animale-200x300.png 200w, https:\/\/vanessacommunicationanimale.com\/wp-content\/uploads\/2026\/01\/Meditation-Vanessa-Communication-Animale-683x1024.png 683w, https:\/\/vanessacommunicationanimale.com\/wp-content\/uploads\/2026\/01\/Meditation-Vanessa-Communication-Animale-768x1152.png 768w\" sizes=\"(max-width: 1024px) 100vw, 1024px\" \/><\/figure>\n<\/div>\n\n\n<p class=\"wp-block-paragraph\"><\/p>\n\n\n\n<p class=\"wp-block-paragraph\">Prenez soin de vous et faites une pause <strong>de moins de 10 minutes<\/strong>, autant de fois que vous en avez besoin, avec ma m\u00e9ditation tr\u00e8s simple pour faire le vide dans votre t\u00eate et chasser vos pens\u00e9es parasites qui polluent votre calme int\u00e9rieur \u2665<\/p>\n\n\n\n<p class=\"wp-block-paragraph\"><\/p>\n\n\n\n<figure class=\"wp-block-embed is-type-video is-provider-youtube wp-block-embed-youtube wp-embed-aspect-16-9 wp-has-aspect-ratio\"><div class=\"wp-block-embed__wrapper\">\n<iframe title=\"M\u00e9ditation rapide - Chasser ses pens\u00e9es parasites par Vanessa Communication Animale\" width=\"825\" height=\"464\" src=\"https:\/\/www.youtube.com\/embed\/5fskJ_kmcnI?feature=oembed\" frameborder=\"0\" allow=\"accelerometer; autoplay; clipboard-write; encrypted-media; gyroscope; picture-in-picture; web-share\" referrerpolicy=\"strict-origin-when-cross-origin\" allowfullscreen><\/iframe>\n<\/div><\/figure>\n\n\n\n<p class=\"wp-block-paragraph\"><\/p>\n\n\n\n<hr class=\"wp-block-separator has-alpha-channel-opacity is-style-dots\"\/>\n\n\n\n<p class=\"wp-block-paragraph\">Vous avez perdu votre <strong>chien <\/strong>et vous ne savez pas quoi faire ? <\/p>\n\n\n\n<figure class=\"wp-block-embed is-type-video is-provider-youtube wp-block-embed-youtube wp-embed-aspect-16-9 wp-has-aspect-ratio\"><div class=\"wp-block-embed__wrapper\">\n<iframe title=\"Retrouver son chien perdu Vanessa Communication Animale\" width=\"825\" height=\"464\" src=\"https:\/\/www.youtube.com\/embed\/32r7MACnn68?feature=oembed\" frameborder=\"0\" allow=\"accelerometer; autoplay; clipboard-write; encrypted-media; gyroscope; picture-in-picture; web-share\" referrerpolicy=\"strict-origin-when-cross-origin\" allowfullscreen><\/iframe>\n<\/div><\/figure>\n\n\n\n<p class=\"wp-block-paragraph\"><\/p>\n\n\n\n<hr class=\"wp-block-separator has-alpha-channel-opacity is-style-dots\"\/>\n\n\n\n<p class=\"has-text-align-left wp-block-paragraph\">Vous avez perdu votre <strong>chat <\/strong>et vous ne savez pas quoi faire ? <\/p>\n\n\n\n<figure class=\"wp-block-embed is-type-video is-provider-youtube wp-block-embed-youtube wp-embed-aspect-16-9 wp-has-aspect-ratio\"><div class=\"wp-block-embed__wrapper\">\n<iframe title=\"Retrouver son chat perdu Vanessa Communication Animale\" width=\"825\" height=\"464\" src=\"https:\/\/www.youtube.com\/embed\/kGg5z_msQKA?feature=oembed\" frameborder=\"0\" allow=\"accelerometer; autoplay; clipboard-write; encrypted-media; gyroscope; picture-in-picture; web-share\" referrerpolicy=\"strict-origin-when-cross-origin\" allowfullscreen><\/iframe>\n<\/div><\/figure>\n\n\n\n<p class=\"wp-block-paragraph\"><\/p>\n\n\n\n<hr class=\"wp-block-separator has-alpha-channel-opacity is-style-dots\"\/>\n\n\n\n<p class=\"wp-block-paragraph\">Vous avez perdu votre <strong>oiseau <\/strong>et vous ne savez pas quoi faire ? <\/p>\n\n\n\n<figure class=\"wp-block-embed is-type-video is-provider-youtube wp-block-embed-youtube wp-embed-aspect-16-9 wp-has-aspect-ratio\"><div class=\"wp-block-embed__wrapper\">\n<iframe title=\"Retrouver son oiseau perdu Vanessa Communication Animale\" width=\"825\" height=\"464\" src=\"https:\/\/www.youtube.com\/embed\/NgYUEyRGK28?feature=oembed\" frameborder=\"0\" allow=\"accelerometer; autoplay; clipboard-write; encrypted-media; gyroscope; picture-in-picture; web-share\" referrerpolicy=\"strict-origin-when-cross-origin\" allowfullscreen><\/iframe>\n<\/div><\/figure>\n\n\n\n<p class=\"wp-block-paragraph\"><\/p>\n\n\n\n<hr class=\"wp-block-separator has-alpha-channel-opacity is-style-dots\"\/>\n\n\n\n<p class=\"wp-block-paragraph\">M\u00e9ditation simple \u00ab\u00a0<strong>Technique du Fil d&rsquo;argent<\/strong>\u00a0\u00bb &#8211; La m\u00e9thode pour vous connecter \u00e0 votre animal perdu et l&rsquo;inciter \u00e0 retrouver son chemin pour rentrer chez lui, s&rsquo;il le peut et s&rsquo;il le souhaite.<\/p>\n\n\n\n<p class=\"wp-block-paragraph\"><\/p>\n\n\n<div class=\"wp-block-image\">\n<figure class=\"aligncenter size-large\"><a href=\"https:\/\/www.youtube.com\/watch?v=V1N3CmRUTyg\" target=\"_blank\" rel=\" noreferrer noopener\"><img decoding=\"async\" width=\"1024\" height=\"574\" src=\"http:\/\/vanessacommunicationanimale.com\/wp-content\/uploads\/2023\/07\/Page-Meditation-simple-Vanessa-Communication-Animale-1024x574.jpg\" alt=\"\" class=\"wp-image-413\" srcset=\"https:\/\/vanessacommunicationanimale.com\/wp-content\/uploads\/2023\/07\/Page-Meditation-simple-Vanessa-Communication-Animale-1024x574.jpg 1024w, https:\/\/vanessacommunicationanimale.com\/wp-content\/uploads\/2023\/07\/Page-Meditation-simple-Vanessa-Communication-Animale-300x168.jpg 300w, https:\/\/vanessacommunicationanimale.com\/wp-content\/uploads\/2023\/07\/Page-Meditation-simple-Vanessa-Communication-Animale-768x431.jpg 768w, https:\/\/vanessacommunicationanimale.com\/wp-content\/uploads\/2023\/07\/Page-Meditation-simple-Vanessa-Communication-Animale.jpg 1122w\" sizes=\"(max-width: 1024px) 100vw, 1024px\" \/><\/a><figcaption class=\"wp-element-caption\">Cliquer sur l&rsquo;image pour acc\u00e9der \u00e0 la vid\u00e9o <\/figcaption><\/figure>\n<\/div>\n\n\n<hr class=\"wp-block-separator has-alpha-channel-opacity is-style-dots\"\/>\n\n\n\n<p class=\"has-text-align-center wp-block-paragraph\">Vous pouvez retrouver l&rsquo;int\u00e9gralit\u00e9 de mes vid\u00e9os directement sur ma page YouTube<\/p>\n\n\n\n<p class=\"has-text-align-center wp-block-paragraph\">\u263c Suivez moi \u263c<\/p>\n\n\n\n<p class=\"has-text-align-center wp-block-paragraph\"><a href=\"https:\/\/www.youtube.com\/@vanessa_communicationanimale\" target=\"_blank\" rel=\"noopener\">https:\/\/www.youtube.com\/@vanessa_communicationanimale<\/a><\/p>\n\n\n\n<h2 class=\"wp-block-heading has-text-align-center\"><mark style=\"background-color:rgba(0, 0, 0, 0)\" class=\"has-inline-color has-vivid-green-cyan-color\">Accessible \u00e9galement pour les personnes malentendantes \u2665<\/mark><\/h2>\n\n\n\n<hr class=\"wp-block-separator has-alpha-channel-opacity is-style-dots\"\/>\n\n\n\n<div class=\"wp-block-columns is-layout-flex wp-container-core-columns-is-layout-8f761849 wp-block-columns-is-layout-flex\">\n<div class=\"wp-block-column is-layout-flow wp-block-column-is-layout-flow\" style=\"flex-basis:100%\">\n<div data-wp-interactive=\"core\/file\" class=\"wp-block-file\"><object data-wp-bind--hidden=\"!state.hasPdfPreview\" hidden class=\"wp-block-file__embed\" data=\"http:\/\/vanessacommunicationanimale.com\/wp-content\/uploads\/2025\/07\/Symboles-de-guerison-pour-les-animaux-Vanessa-Communication-Animale.pdf\" type=\"application\/pdf\" style=\"width:100%;height:200px\" aria-label=\"Contenu embarqu\u00e9 Symboles de gu\u00e9rison \u00e0 imprimer.\"><\/object><a id=\"wp-block-file--media-c4948530-b3f7-47b0-bd73-cc8669f5f78a\" href=\"http:\/\/vanessacommunicationanimale.com\/wp-content\/uploads\/2025\/07\/Symboles-de-guerison-pour-les-animaux-Vanessa-Communication-Animale.pdf\">Symboles de gu\u00e9rison \u00e0 imprimer<\/a><a href=\"http:\/\/vanessacommunicationanimale.com\/wp-content\/uploads\/2025\/07\/Symboles-de-guerison-pour-les-animaux-Vanessa-Communication-Animale.pdf\" class=\"wp-block-file__button wp-element-button\" aria-describedby=\"wp-block-file--media-c4948530-b3f7-47b0-bd73-cc8669f5f78a\" download>T\u00e9l\u00e9charger<\/a><\/div>\n<\/div>\n<\/div>\n\n\n\n<p class=\"wp-block-paragraph\"><\/p>\n\n\n\n<div class=\"wp-block-group\"><div class=\"wp-block-group__inner-container is-layout-constrained wp-block-group-is-layout-constrained\">\n<div class=\"wp-block-columns is-layout-flex wp-container-core-columns-is-layout-8f761849 wp-block-columns-is-layout-flex\">\n<div class=\"wp-block-column is-layout-flow wp-block-column-is-layout-flow\" style=\"flex-basis:100%\"><div class=\"wp-block-image\">\n<figure class=\"aligncenter size-large\"><img decoding=\"async\" width=\"483\" height=\"1024\" src=\"https:\/\/vanessacommunicationanimale.com\/wp-content\/uploads\/2025\/07\/Fleur-de-vie-3-Vanessa-Communication-Animale-483x1024.png\" alt=\"\" class=\"wp-image-1705\" srcset=\"https:\/\/vanessacommunicationanimale.com\/wp-content\/uploads\/2025\/07\/Fleur-de-vie-3-Vanessa-Communication-Animale-483x1024.png 483w, https:\/\/vanessacommunicationanimale.com\/wp-content\/uploads\/2025\/07\/Fleur-de-vie-3-Vanessa-Communication-Animale-141x300.png 141w, https:\/\/vanessacommunicationanimale.com\/wp-content\/uploads\/2025\/07\/Fleur-de-vie-3-Vanessa-Communication-Animale-768x1629.png 768w, https:\/\/vanessacommunicationanimale.com\/wp-content\/uploads\/2025\/07\/Fleur-de-vie-3-Vanessa-Communication-Animale-724x1536.png 724w, https:\/\/vanessacommunicationanimale.com\/wp-content\/uploads\/2025\/07\/Fleur-de-vie-3-Vanessa-Communication-Animale-965x2048.png 965w, https:\/\/vanessacommunicationanimale.com\/wp-content\/uploads\/2025\/07\/Fleur-de-vie-3-Vanessa-Communication-Animale-scaled.png 1207w\" sizes=\"(max-width: 483px) 100vw, 483px\" \/><\/figure>\n<\/div><\/div>\n<\/div>\n<\/div><\/div>\n","protected":false},"excerpt":{"rendered":"<p>Ici vous allez retrouver mes vid\u00e9os pour vous aider \u00e0 retrouver votre animal perdu mais aussi une m\u00e9ditation pour que vous puissiez prendre du temps pour vous en m\u00e9ditant. Prenez&hellip; <a href=\"https:\/\/vanessacommunicationanimale.com\/index.php\/conseils-et-meditation\/\" class=\"more-link\">Lire la suite <span class=\"screen-reader-text\">Conseils et M\u00e9ditations<\/span><\/a><\/p>\n","protected":false},"author":1,"featured_media":0,"parent":0,"menu_order":0,"comment_status":"closed","ping_status":"closed","template":"","meta":{"_crdt_document":"","footnotes":""},"class_list":["post-385","page","type-page","status-publish","hentry","without-featured-image"],"_links":{"self":[{"href":"https:\/\/vanessacommunicationanimale.com\/index.php\/wp-json\/wp\/v2\/pages\/385","targetHints":{"allow":["GET"]}}],"collection":[{"href":"https:\/\/vanessacommunicationanimale.com\/index.php\/wp-json\/wp\/v2\/pages"}],"about":[{"href":"https:\/\/vanessacommunicationanimale.com\/index.php\/wp-json\/wp\/v2\/types\/page"}],"author":[{"embeddable":true,"href":"https:\/\/vanessacommunicationanimale.com\/index.php\/wp-json\/wp\/v2\/users\/1"}],"replies":[{"embeddable":true,"href":"https:\/\/vanessacommunicationanimale.com\/index.php\/wp-json\/wp\/v2\/comments?post=385"}],"version-history":[{"count":43,"href":"https:\/\/vanessacommunicationanimale.com\/index.php\/wp-json\/wp\/v2\/pages\/385\/revisions"}],"predecessor-version":[{"id":2104,"href":"https:\/\/vanessacommunicationanimale.com\/index.php\/wp-json\/wp\/v2\/pages\/385\/revisions\/2104"}],"wp:attachment":[{"href":"https:\/\/vanessacommunicationanimale.com\/index.php\/wp-json\/wp\/v2\/media?parent=385"}],"curies":[{"name":"wp","href":"https:\/\/api.w.org\/{rel}","templated":true}]}}